{"id":1652,"date":"2021-06-08T02:03:09","date_gmt":"2021-06-08T00:03:09","guid":{"rendered":"http:\/\/charavoileduboutdumonde.com\/?page_id=1652"},"modified":"2021-06-08T02:07:53","modified_gmt":"2021-06-08T00:07:53","slug":"termes-et-conditions-stage-multi-activites","status":"publish","type":"page","link":"https:\/\/charavoileduboutdumonde.com\/en\/termes-et-conditions-stage-multi-activites\/","title":{"rendered":"Termes et conditions Stage multi activit\u00e9s"},"content":{"rendered":"<div data-elementor-type=\"wp-page\" data-elementor-id=\"1652\" class=\"elementor elementor-1652\" data-elementor-settings=\"[]\">\n\t\t\t<div class=\"elementor-inner\">\n\t\t\t\t<div class=\"elementor-section-wrap\">\n\t\t\t\t\t\t\t<section class=\"elementor-element elementor-element-b9c81df elementor-section-boxed elementor-section-height-default elementor-section-height-default elementor-section elementor-top-section\" data-id=\"b9c81df\" data-element_type=\"section\">\n\t\t\t\t\t\t<div class=\"elementor-container elementor-column-gap-default\">\n\t\t\t\t<div class=\"elementor-row\">\n\t\t\t\t<div class=\"elementor-element elementor-element-481f94b elementor-column elementor-col-100 elementor-top-column\" data-id=\"481f94b\" data-element_type=\"column\">\n\t\t\t<div class=\"elementor-column-wrap  elementor-element-populated\">\n\t\t\t\t\t<div class=\"elementor-widget-wrap\">\n\t\t\t\t<div class=\"elementor-element elementor-element-41c2bd6 elementor-widget elementor-widget-text-editor\" data-id=\"41c2bd6\" data-element_type=\"widget\" data-widget_type=\"text-editor.default\">\n\t\t\t\t<div class=\"elementor-widget-container\">\n\t\t\t\t\t<div class=\"elementor-text-editor elementor-clearfix\"><p><strong>1) Conditions d\u2019inscription :<\/strong><br \/>\u00ac Poss\u00e9der le test anti panique. Si ce n\u2019est pas le cas (merci de nous le signaler dans les remarques), possibilit\u00e9 de le passer sur place.<br \/>\u00ac Etre en bonne sant\u00e9 : Ne pas pr\u00e9senter de contre-indications m\u00e9dicales \u00e0 la pratique d\u2019activit\u00e9s sportives (attestation sur l\u2019honneur).<br \/>\u00ac Etre \u00e2g\u00e9 de 8 ans minimum.<\/p><p><br \/><strong>2) Validation d\u2019inscription :<\/strong><br \/>L&rsquo;inscription devient effective d\u00e8s r\u00e9ception de la fiche individuelle d&rsquo;inscription compl\u00e9t\u00e9e.<\/p><p><br \/><strong>3) R\u00e8glement et tarifs :<\/strong><br \/>\u00ac Ch\u00e8que \u00e0 l\u2019ordre du moniteur encadrant ou esp\u00e8ces. Le r\u00e8glement se fait le jour de la prestation.<br \/>\u00ac Tarifs : Nos tarifs incluent l&rsquo;encadrement par un guide exp\u00e9riment\u00e9 dipl\u00f4m\u00e9 d&rsquo;\u00e9tat, le mat\u00e9riel individuel de s\u00e9curit\u00e9 ainsi que l&rsquo;assurance.<\/p><p><br \/><strong>4) Motif d&rsquo;annulation :<\/strong><br \/>Nous nous r\u00e9servons le droit, selon les conditions m\u00e9t\u00e9orologiques, les aptitudes du groupe ou tout autre cas de force majeure, de proposer une activit\u00e9 similaire, ou bien de se rendre sur une partie moins expos\u00e9e du littoral.<br \/>A l\u2019appr\u00e9ciation du moniteur, une annulation ou un report de projet est possible.<br \/>Nous seuls pouvons juger de ces \u00e9ventualit\u00e9s et ce, sans pr\u00e9avis. Ces modalit\u00e9s sont valables pour toutes activit\u00e9s de pleine nature.<br \/>Si le nombre minimum de 4 participants n&rsquo;est pas atteint, nous nous r\u00e9servons la possibilit\u00e9 de reporter la sortie.<br \/>Nous conviendrons alors d&rsquo;une date de report en fonction de nos disponibilit\u00e9s respectives. Si aucune date ne convient aux deux parties, nous annulerons et nous vous rembourserons. Si cette situation se pr\u00e9sente, nous vous informerons le plus t\u00f4t possible. Ne pouvant pas cependant vous garantir de d\u00e9lai sur ce point, nous restons \u00e0 votre enti\u00e8re disposition par e-mail ou par t\u00e9l\u00e9phone pour suivre l&rsquo;\u00e9volution du nombre d\u2019inscrits ou pour conna\u00eetre les tendances m\u00e9t\u00e9os.<\/p><p><br \/><strong>5) Annulation \u00e0 l&rsquo;initiative d&rsquo;un participant :<\/strong><br \/>Sauf cas de force majeur justifi\u00e9,<br \/>\u2022 toute annulation ne pourra entra\u00eener un remboursement,<br \/>\u2022 toute prestation commenc\u00e9e et non achev\u00e9e sera factur\u00e9e int\u00e9gralement.<\/p><p><br \/><strong>6) Assurance :<\/strong><br \/>Nous sommes assur\u00e9s en responsabilit\u00e9 civile professionnelle aupr\u00e8s de la Compagnie d&rsquo;assurance :<br \/>Allianz I.A.R.D &#8211; 1 cours Michelet &#8211; CS 30051 &#8211; 92076 PARIS LA DEFENSE Cedex. Garantie par contrat n\u00b0 : 55.885.787 souscrite par le SNGP CKDA<\/p><\/div>\n\t\t\t\t<\/div>\n\t\t\t\t<\/div>\n\t\t\t\t\t\t<\/div>\n\t\t\t<\/div>\n\t\t<\/div>\n\t\t\t\t\t\t<\/div>\n\t\t\t<\/div>\n\t\t<\/section>\n\t\t\t\t\t\t<\/div>\n\t\t\t<\/div>\n\t\t<\/div>","protected":false},"excerpt":{"rendered":"<p>1) Conditions d\u2019inscription :\u00ac Poss\u00e9der le test anti panique. Si ce n\u2019est pas le cas (merci de nous le signaler dans les remarques), possibilit\u00e9 de le passer sur place.\u00ac Etre en bonne sant\u00e9 : Ne pas pr\u00e9senter de contre-indications m\u00e9dicales \u00e0 la pratique d\u2019activit\u00e9s sportives (attestation sur l\u2019honneur).\u00ac Etre \u00e2g\u00e9 de 8 ans minimum. 2) [&hellip;]<\/p>","protected":false},"author":1,"featured_media":0,"parent":0,"menu_order":0,"comment_status":"closed","ping_status":"closed","template":"","meta":{"inline_featured_image":false,"footnotes":""},"class_list":["post-1652","page","type-page","status-publish","hentry"],"yoast_head":"<!-- This site is optimized with the Yoast SEO plugin v27.3 - https:\/\/yoast.com\/product\/yoast-seo-wordpress\/ -->\n<title>Termes et conditions Stage multi activit\u00e9s - Char \u00e0 Voile du Bout du Monde<\/title>\n<meta name=\"robots\" content=\"index, follow, max-snippet:-1, max-image-preview:large, max-video-preview:-1\" \/>\n<link rel=\"canonical\" href=\"https:\/\/charavoileduboutdumonde.com\/en\/termes-et-conditions-stage-multi-activites\/\" \/>\n<meta property=\"og:locale\" content=\"en_GB\" \/>\n<meta property=\"og:type\" content=\"article\" \/>\n<meta property=\"og:title\" content=\"Termes et conditions Stage multi activit\u00e9s - Char \u00e0 Voile du Bout du Monde\" \/>\n<meta property=\"og:description\" content=\"1) Conditions d\u2019inscription :\u00ac Poss\u00e9der le test anti panique. Si ce n\u2019est pas le cas (merci de nous le signaler dans les remarques), possibilit\u00e9 de le passer sur place.\u00ac Etre en bonne sant\u00e9 : Ne pas pr\u00e9senter de contre-indications m\u00e9dicales \u00e0 la pratique d\u2019activit\u00e9s sportives (attestation sur l\u2019honneur).\u00ac Etre \u00e2g\u00e9 de 8 ans minimum. 2) [&hellip;]\" \/>\n<meta property=\"og:url\" content=\"https:\/\/charavoileduboutdumonde.com\/en\/termes-et-conditions-stage-multi-activites\/\" \/>\n<meta property=\"og:site_name\" content=\"Char \u00e0 Voile du Bout du Monde\" \/>\n<meta property=\"article:publisher\" content=\"https:\/\/www.facebook.com\/charavoileduboutdumonde\/\" \/>\n<meta property=\"article:modified_time\" content=\"2021-06-08T00:07:53+00:00\" \/>\n<meta name=\"twitter:card\" content=\"summary_large_image\" \/>\n<meta name=\"twitter:label1\" content=\"Estimated reading time\" \/>\n\t<meta name=\"twitter:data1\" content=\"2 minutes\" \/>\n<script type=\"application\/ld+json\" class=\"yoast-schema-graph\">{\"@context\":\"https:\\\/\\\/schema.org\",\"@graph\":[{\"@type\":\"WebPage\",\"@id\":\"https:\\\/\\\/charavoileduboutdumonde.com\\\/termes-et-conditions-stage-multi-activites\\\/\",\"url\":\"https:\\\/\\\/charavoileduboutdumonde.com\\\/termes-et-conditions-stage-multi-activites\\\/\",\"name\":\"Termes et conditions Stage multi activit\u00e9s - Char \u00e0 Voile du Bout du Monde\",\"isPartOf\":{\"@id\":\"https:\\\/\\\/charavoileduboutdumonde.com\\\/#website\"},\"datePublished\":\"2021-06-08T00:03:09+00:00\",\"dateModified\":\"2021-06-08T00:07:53+00:00\",\"breadcrumb\":{\"@id\":\"https:\\\/\\\/charavoileduboutdumonde.com\\\/termes-et-conditions-stage-multi-activites\\\/#breadcrumb\"},\"inLanguage\":\"en-GB\",\"potentialAction\":[{\"@type\":\"ReadAction\",\"target\":[\"https:\\\/\\\/charavoileduboutdumonde.com\\\/termes-et-conditions-stage-multi-activites\\\/\"]}]},{\"@type\":\"BreadcrumbList\",\"@id\":\"https:\\\/\\\/charavoileduboutdumonde.com\\\/termes-et-conditions-stage-multi-activites\\\/#breadcrumb\",\"itemListElement\":[{\"@type\":\"ListItem\",\"position\":1,\"name\":\"Accueil\",\"item\":\"https:\\\/\\\/charavoileduboutdumonde.com\\\/\"},{\"@type\":\"ListItem\",\"position\":2,\"name\":\"Termes et conditions Stage multi activit\u00e9s\"}]},{\"@type\":\"WebSite\",\"@id\":\"https:\\\/\\\/charavoileduboutdumonde.com\\\/#website\",\"url\":\"https:\\\/\\\/charavoileduboutdumonde.com\\\/\",\"name\":\"Char \u00e0 Voile du Bout du Monde\",\"description\":\"Char \u00e0 Voile du Bout du Monde - Char \u00e0 voile de loisir en Finist\u00e8re, Bretagne\",\"publisher\":{\"@id\":\"https:\\\/\\\/charavoileduboutdumonde.com\\\/#organization\"},\"potentialAction\":[{\"@type\":\"SearchAction\",\"target\":{\"@type\":\"EntryPoint\",\"urlTemplate\":\"https:\\\/\\\/charavoileduboutdumonde.com\\\/?s={search_term_string}\"},\"query-input\":{\"@type\":\"PropertyValueSpecification\",\"valueRequired\":true,\"valueName\":\"search_term_string\"}}],\"inLanguage\":\"en-GB\"},{\"@type\":\"Organization\",\"@id\":\"https:\\\/\\\/charavoileduboutdumonde.com\\\/#organization\",\"name\":\"Char \u00e0 Voile du Bout du Monde\",\"url\":\"https:\\\/\\\/charavoileduboutdumonde.com\\\/\",\"logo\":{\"@type\":\"ImageObject\",\"inLanguage\":\"en-GB\",\"@id\":\"https:\\\/\\\/charavoileduboutdumonde.com\\\/#\\\/schema\\\/logo\\\/image\\\/\",\"url\":\"https:\\\/\\\/charavoileduboutdumonde.com\\\/wp-content\\\/uploads\\\/2020\\\/05\\\/logoheader.png\",\"contentUrl\":\"https:\\\/\\\/charavoileduboutdumonde.com\\\/wp-content\\\/uploads\\\/2020\\\/05\\\/logoheader.png\",\"width\":249,\"height\":80,\"caption\":\"Char \u00e0 Voile du Bout du Monde\"},\"image\":{\"@id\":\"https:\\\/\\\/charavoileduboutdumonde.com\\\/#\\\/schema\\\/logo\\\/image\\\/\"},\"sameAs\":[\"https:\\\/\\\/www.facebook.com\\\/charavoileduboutdumonde\\\/\",\"https:\\\/\\\/www.instagram.com\\\/charavoileduboutdumonde\\\/\",\"https:\\\/\\\/www.youtube.com\\\/channel\\\/UC6oaDP9kS6oN_ZL61EhoDKw\\\/\"]}]}<\/script>\n<!-- \/ Yoast SEO plugin. -->","yoast_head_json":{"title":"Termes et conditions Stage multi activit\u00e9s - Char \u00e0 Voile du Bout du Monde","robots":{"index":"index","follow":"follow","max-snippet":"max-snippet:-1","max-image-preview":"max-image-preview:large","max-video-preview":"max-video-preview:-1"},"canonical":"https:\/\/charavoileduboutdumonde.com\/en\/termes-et-conditions-stage-multi-activites\/","og_locale":"en_GB","og_type":"article","og_title":"Termes et conditions Stage multi activit\u00e9s - Char \u00e0 Voile du Bout du Monde","og_description":"1) Conditions d\u2019inscription :\u00ac Poss\u00e9der le test anti panique. Si ce n\u2019est pas le cas (merci de nous le signaler dans les remarques), possibilit\u00e9 de le passer sur place.\u00ac Etre en bonne sant\u00e9 : Ne pas pr\u00e9senter de contre-indications m\u00e9dicales \u00e0 la pratique d\u2019activit\u00e9s sportives (attestation sur l\u2019honneur).\u00ac Etre \u00e2g\u00e9 de 8 ans minimum. 2) [&hellip;]","og_url":"https:\/\/charavoileduboutdumonde.com\/en\/termes-et-conditions-stage-multi-activites\/","og_site_name":"Char \u00e0 Voile du Bout du Monde","article_publisher":"https:\/\/www.facebook.com\/charavoileduboutdumonde\/","article_modified_time":"2021-06-08T00:07:53+00:00","twitter_card":"summary_large_image","twitter_misc":{"Estimated reading time":"2 minutes"},"schema":{"@context":"https:\/\/schema.org","@graph":[{"@type":"WebPage","@id":"https:\/\/charavoileduboutdumonde.com\/termes-et-conditions-stage-multi-activites\/","url":"https:\/\/charavoileduboutdumonde.com\/termes-et-conditions-stage-multi-activites\/","name":"Termes et conditions Stage multi activit\u00e9s - Char \u00e0 Voile du Bout du Monde","isPartOf":{"@id":"https:\/\/charavoileduboutdumonde.com\/#website"},"datePublished":"2021-06-08T00:03:09+00:00","dateModified":"2021-06-08T00:07:53+00:00","breadcrumb":{"@id":"https:\/\/charavoileduboutdumonde.com\/termes-et-conditions-stage-multi-activites\/#breadcrumb"},"inLanguage":"en-GB","potentialAction":[{"@type":"ReadAction","target":["https:\/\/charavoileduboutdumonde.com\/termes-et-conditions-stage-multi-activites\/"]}]},{"@type":"BreadcrumbList","@id":"https:\/\/charavoileduboutdumonde.com\/termes-et-conditions-stage-multi-activites\/#breadcrumb","itemListElement":[{"@type":"ListItem","position":1,"name":"Accueil","item":"https:\/\/charavoileduboutdumonde.com\/"},{"@type":"ListItem","position":2,"name":"Termes et conditions Stage multi activit\u00e9s"}]},{"@type":"WebSite","@id":"https:\/\/charavoileduboutdumonde.com\/#website","url":"https:\/\/charavoileduboutdumonde.com\/","name":"Char \u00e0 Voile du Bout du Monde","description":"Char \u00e0 Voile du Bout du Monde - Char \u00e0 voile de loisir en Finist\u00e8re, Bretagne","publisher":{"@id":"https:\/\/charavoileduboutdumonde.com\/#organization"},"potentialAction":[{"@type":"SearchAction","target":{"@type":"EntryPoint","urlTemplate":"https:\/\/charavoileduboutdumonde.com\/?s={search_term_string}"},"query-input":{"@type":"PropertyValueSpecification","valueRequired":true,"valueName":"search_term_string"}}],"inLanguage":"en-GB"},{"@type":"Organization","@id":"https:\/\/charavoileduboutdumonde.com\/#organization","name":"Char \u00e0 Voile du Bout du Monde","url":"https:\/\/charavoileduboutdumonde.com\/","logo":{"@type":"ImageObject","inLanguage":"en-GB","@id":"https:\/\/charavoileduboutdumonde.com\/#\/schema\/logo\/image\/","url":"https:\/\/charavoileduboutdumonde.com\/wp-content\/uploads\/2020\/05\/logoheader.png","contentUrl":"https:\/\/charavoileduboutdumonde.com\/wp-content\/uploads\/2020\/05\/logoheader.png","width":249,"height":80,"caption":"Char \u00e0 Voile du Bout du Monde"},"image":{"@id":"https:\/\/charavoileduboutdumonde.com\/#\/schema\/logo\/image\/"},"sameAs":["https:\/\/www.facebook.com\/charavoileduboutdumonde\/","https:\/\/www.instagram.com\/charavoileduboutdumonde\/","https:\/\/www.youtube.com\/channel\/UC6oaDP9kS6oN_ZL61EhoDKw\/"]}]}},"_links":{"self":[{"href":"https:\/\/charavoileduboutdumonde.com\/en\/wp-json\/wp\/v2\/pages\/1652","targetHints":{"allow":["GET"]}}],"collection":[{"href":"https:\/\/charavoileduboutdumonde.com\/en\/wp-json\/wp\/v2\/pages"}],"about":[{"href":"https:\/\/charavoileduboutdumonde.com\/en\/wp-json\/wp\/v2\/types\/page"}],"author":[{"embeddable":true,"href":"https:\/\/charavoileduboutdumonde.com\/en\/wp-json\/wp\/v2\/users\/1"}],"replies":[{"embeddable":true,"href":"https:\/\/charavoileduboutdumonde.com\/en\/wp-json\/wp\/v2\/comments?post=1652"}],"version-history":[{"count":2,"href":"https:\/\/charavoileduboutdumonde.com\/en\/wp-json\/wp\/v2\/pages\/1652\/revisions"}],"predecessor-version":[{"id":1654,"href":"https:\/\/charavoileduboutdumonde.com\/en\/wp-json\/wp\/v2\/pages\/1652\/revisions\/1654"}],"wp:attachment":[{"href":"https:\/\/charavoileduboutdumonde.com\/en\/wp-json\/wp\/v2\/media?parent=1652"}],"curies":[{"name":"wp","href":"https:\/\/api.w.org\/{rel}","templated":true}]}}