{"id":1773,"date":"2021-11-20T19:02:32","date_gmt":"2021-11-20T18:02:32","guid":{"rendered":"http:\/\/charavoileduboutdumonde.com\/?page_id=1773"},"modified":"2026-01-20T17:53:33","modified_gmt":"2026-01-20T16:53:33","slug":"autorisations","status":"publish","type":"page","link":"https:\/\/charavoileduboutdumonde.com\/en\/autorisations\/","title":{"rendered":"LICENSES"},"content":{"rendered":"<div data-elementor-type=\"wp-page\" data-elementor-id=\"1773\" class=\"elementor elementor-1773\" data-elementor-settings=\"[]\">\n\t\t\t<div class=\"elementor-inner\">\n\t\t\t\t<div class=\"elementor-section-wrap\">\n\t\t\t\t\t\t\t<section class=\"elementor-element elementor-element-ccd078b elementor-section-full_width elementor-section-height-default elementor-section-height-default elementor-section elementor-top-section\" data-id=\"ccd078b\" data-element_type=\"section\">\n\t\t\t\t\t\t<div class=\"elementor-container elementor-column-gap-default\">\n\t\t\t\t<div class=\"elementor-row\">\n\t\t\t\t<div class=\"elementor-element elementor-element-85a93cd elementor-column elementor-col-100 elementor-top-column\" data-id=\"85a93cd\" data-element_type=\"column\">\n\t\t\t<div class=\"elementor-column-wrap  elementor-element-populated\">\n\t\t\t\t\t<div class=\"elementor-widget-wrap\">\n\t\t\t\t<div class=\"elementor-element elementor-element-728b649 elementor-widget elementor-widget-gallery\" data-id=\"728b649\" data-element_type=\"widget\" data-settings=\"{&quot;overlay_title&quot;:&quot;caption&quot;,&quot;image_hover_animation&quot;:&quot;grow&quot;,&quot;columns&quot;:3,&quot;lazyload&quot;:&quot;yes&quot;,&quot;gallery_layout&quot;:&quot;grid&quot;,&quot;columns_tablet&quot;:2,&quot;columns_mobile&quot;:1,&quot;gap&quot;:{&quot;unit&quot;:&quot;px&quot;,&quot;size&quot;:10,&quot;sizes&quot;:[]},&quot;gap_tablet&quot;:{&quot;unit&quot;:&quot;px&quot;,&quot;size&quot;:10,&quot;sizes&quot;:[]},&quot;gap_mobile&quot;:{&quot;unit&quot;:&quot;px&quot;,&quot;size&quot;:10,&quot;sizes&quot;:[]},&quot;link_to&quot;:&quot;file&quot;,&quot;aspect_ratio&quot;:&quot;3:2&quot;,&quot;overlay_background&quot;:&quot;yes&quot;,&quot;content_hover_animation&quot;:&quot;fade-in&quot;}\" data-widget_type=\"gallery.default\">\n\t\t\t\t<div class=\"elementor-widget-container\">\n\t\t\t\t\t<div class=\"elementor-gallery__container\">\n\t\t\t\t\t\t\t<a class=\"e-gallery-item elementor-gallery-item elementor-animated-content\" href=\"https:\/\/charavoileduboutdumonde.com\/wp-content\/uploads\/2025\/03\/Attestation-RC-PRO-2025.png\" data-elementor-open-lightbox=\"yes\" data-elementor-lightbox-slideshow=\"all-728b649\" data-elementor-lightbox-title=\"Attestation RC PRO 2025\">\n\t\t\t\t\t<div class=\"e-gallery-image elementor-gallery-item__image\" data-thumbnail=\"https:\/\/charavoileduboutdumonde.com\/wp-content\/uploads\/2025\/03\/Attestation-RC-PRO-2025-768x1021.png\" data-width=\"580\" data-height=\"771\" alt=\"\" ><\/div>\n\t\t\t\t\t\t\t\t\t\t<div class=\"elementor-gallery-item__overlay\"><\/div>\n\t\t\t\t\t\t\t\t\t\t\t\t\t\t\t<div class=\"elementor-gallery-item__content\">\n\t\t\t\t\t\t\t\t\t\t\t\t\t<div class=\"elementor-gallery-item__title\">Assurance RC PRO 2025<\/div>\n\t\t\t\t\t\t\t\t\t\t\t\t<\/div>\n\t\t\t\t\t\t\t\t\t<\/a>\n\t\t\t\t\t\t\t<a class=\"e-gallery-item elementor-gallery-item elementor-animated-content\" href=\"https:\/\/charavoileduboutdumonde.com\/wp-content\/uploads\/2025\/05\/ARRETE-MUNICIPALE-PLOMOLESTREVET-2025.png\" data-elementor-open-lightbox=\"yes\" data-elementor-lightbox-slideshow=\"all-728b649\" data-elementor-lightbox-title=\"Autorisation plage de Lestrevet\">\n\t\t\t\t\t<div class=\"e-gallery-image elementor-gallery-item__image\" data-thumbnail=\"https:\/\/charavoileduboutdumonde.com\/wp-content\/uploads\/2025\/05\/ARRETE-MUNICIPALE-PLOMOLESTREVET-2025-768x1093.png\" data-width=\"580\" data-height=\"825\" alt=\"\" ><\/div>\n\t\t\t\t\t\t\t\t\t\t<div class=\"elementor-gallery-item__overlay\"><\/div>\n\t\t\t\t\t\t\t\t\t\t\t\t\t\t\t<div class=\"elementor-gallery-item__content\">\n\t\t\t\t\t\t\t\t\t\t\t\t\t<div class=\"elementor-gallery-item__title\">Autorisation plage de Lestrevet 2025<\/div>\n\t\t\t\t\t\t\t\t\t\t\t\t<\/div>\n\t\t\t\t\t\t\t\t\t<\/a>\n\t\t\t\t\t\t\t<a class=\"e-gallery-item elementor-gallery-item elementor-animated-content\" href=\"https:\/\/charavoileduboutdumonde.com\/wp-content\/uploads\/2022\/01\/autorisation-2022-plage-de-Porz-ar-vag.jpg\" data-elementor-open-lightbox=\"yes\" data-elementor-lightbox-slideshow=\"all-728b649\" data-elementor-lightbox-title=\"Autorisation plage de Porz ar vag\">\n\t\t\t\t\t<div class=\"e-gallery-image elementor-gallery-item__image\" data-thumbnail=\"https:\/\/charavoileduboutdumonde.com\/wp-content\/uploads\/2022\/01\/autorisation-2022-plage-de-Porz-ar-vag-768x1086.jpg\" data-width=\"580\" data-height=\"820\" alt=\"\" ><\/div>\n\t\t\t\t\t\t\t\t\t\t<div class=\"elementor-gallery-item__overlay\"><\/div>\n\t\t\t\t\t\t\t\t\t\t\t\t\t\t\t<div class=\"elementor-gallery-item__content\">\n\t\t\t\t\t\t\t\t\t\t\t\t\t<div class=\"elementor-gallery-item__title\">Autorisation plage de Porz Ar Vag<\/div>\n\t\t\t\t\t\t\t\t\t\t\t\t<\/div>\n\t\t\t\t\t\t\t\t\t<\/a>\n\t\t\t\t\t\t\t<a class=\"e-gallery-item elementor-gallery-item elementor-animated-content\" href=\"https:\/\/charavoileduboutdumonde.com\/wp-content\/uploads\/2023\/04\/Autorisation-Trez-Bellec.png\" data-elementor-open-lightbox=\"yes\" data-elementor-lightbox-slideshow=\"all-728b649\" data-elementor-lightbox-title=\"Autorisation Trez Bellec\">\n\t\t\t\t\t<div class=\"e-gallery-image elementor-gallery-item__image\" data-thumbnail=\"https:\/\/charavoileduboutdumonde.com\/wp-content\/uploads\/2023\/04\/Autorisation-Trez-Bellec-768x1089.png\" data-width=\"580\" data-height=\"822\" alt=\"\" ><\/div>\n\t\t\t\t\t\t\t\t\t\t<div class=\"elementor-gallery-item__overlay\"><\/div>\n\t\t\t\t\t\t\t\t\t\t\t\t\t\t\t<div class=\"elementor-gallery-item__content\">\n\t\t\t\t\t\t\t\t\t\t\t\t\t<div class=\"elementor-gallery-item__title\">Autorisation plage de Trez Bellec<\/div>\n\t\t\t\t\t\t\t\t\t\t\t\t<\/div>\n\t\t\t\t\t\t\t\t\t<\/a>\n\t\t\t\t\t\t\t<a class=\"e-gallery-item elementor-gallery-item elementor-animated-content\" href=\"https:\/\/charavoileduboutdumonde.com\/wp-content\/uploads\/2024\/06\/Autorisation-CROZON-plage-de-Kersiguenou-1.jpg\" data-elementor-open-lightbox=\"yes\" data-elementor-lightbox-slideshow=\"all-728b649\" data-elementor-lightbox-title=\"Autorisation CROZON - plage de Kersiguenou 1\">\n\t\t\t\t\t<div class=\"e-gallery-image elementor-gallery-item__image\" data-thumbnail=\"https:\/\/charavoileduboutdumonde.com\/wp-content\/uploads\/2024\/06\/Autorisation-CROZON-plage-de-Kersiguenou-1-768x1070.jpg\" data-width=\"580\" data-height=\"808\" alt=\"\" ><\/div>\n\t\t\t\t\t\t\t\t\t\t<div class=\"elementor-gallery-item__overlay\"><\/div>\n\t\t\t\t\t\t\t\t\t\t\t\t\t\t\t<div class=\"elementor-gallery-item__content\">\n\t\t\t\t\t\t\t\t\t\t\t\t\t<div class=\"elementor-gallery-item__title\">Autorisation plage de Kersigu\u00e9nou - CROZON<\/div>\n\t\t\t\t\t\t\t\t\t\t\t\t<\/div>\n\t\t\t\t\t\t\t\t\t<\/a>\n\t\t\t\t\t\t\t<a class=\"e-gallery-item elementor-gallery-item elementor-animated-content\" href=\"https:\/\/charavoileduboutdumonde.com\/wp-content\/uploads\/2024\/06\/Autorisation-CROZON-plage-de-Kersiguenou-2.jpg\" data-elementor-open-lightbox=\"yes\" data-elementor-lightbox-slideshow=\"all-728b649\" data-elementor-lightbox-title=\"Autorisation CROZON - plage de Kersiguenou 2\">\n\t\t\t\t\t<div class=\"e-gallery-image elementor-gallery-item__image\" data-thumbnail=\"https:\/\/charavoileduboutdumonde.com\/wp-content\/uploads\/2024\/06\/Autorisation-CROZON-plage-de-Kersiguenou-2-768x1128.jpg\" data-width=\"580\" data-height=\"852\" alt=\"\" ><\/div>\n\t\t\t\t\t\t\t\t\t\t<div class=\"elementor-gallery-item__overlay\"><\/div>\n\t\t\t\t\t\t\t\t\t\t\t\t\t\t\t<div class=\"elementor-gallery-item__content\">\n\t\t\t\t\t\t\t\t\t\t\t\t\t<div class=\"elementor-gallery-item__title\">Autorisation plage de Kersigu\u00e9nou - CROZON<\/div>\n\t\t\t\t\t\t\t\t\t\t\t\t<\/div>\n\t\t\t\t\t\t\t\t\t<\/a>\n\t\t\t\t\t\t\t<a class=\"e-gallery-item elementor-gallery-item elementor-animated-content\" href=\"https:\/\/charavoileduboutdumonde.com\/wp-content\/uploads\/2024\/06\/Autorisation-CROZON-plage-de-Kersiguenou-3.jpg\" data-elementor-open-lightbox=\"yes\" data-elementor-lightbox-slideshow=\"all-728b649\" data-elementor-lightbox-title=\"Autorisation CROZON - plage de Kersiguenou 3\">\n\t\t\t\t\t<div class=\"e-gallery-image elementor-gallery-item__image\" data-thumbnail=\"https:\/\/charavoileduboutdumonde.com\/wp-content\/uploads\/2024\/06\/Autorisation-CROZON-plage-de-Kersiguenou-3-768x1110.jpg\" data-width=\"580\" data-height=\"838\" alt=\"\" ><\/div>\n\t\t\t\t\t\t\t\t\t\t<div class=\"elementor-gallery-item__overlay\"><\/div>\n\t\t\t\t\t\t\t\t\t\t\t\t\t\t\t<div class=\"elementor-gallery-item__content\">\n\t\t\t\t\t\t\t\t\t\t\t\t\t<div class=\"elementor-gallery-item__title\">Autorisation plage de Kersigu\u00e9nou - CROZON<\/div>\n\t\t\t\t\t\t\t\t\t\t\t\t<\/div>\n\t\t\t\t\t\t\t\t\t<\/a>\n\t\t\t\t\t\t\t<a class=\"e-gallery-item elementor-gallery-item elementor-animated-content\" href=\"https:\/\/charavoileduboutdumonde.com\/wp-content\/uploads\/2025\/12\/Agrement-educ-nat-char-2026.png\" data-elementor-open-lightbox=\"yes\" data-elementor-lightbox-slideshow=\"all-728b649\" data-elementor-lightbox-title=\"Agrement educ nat char 2026\">\n\t\t\t\t\t<div class=\"e-gallery-image elementor-gallery-item__image\" data-thumbnail=\"https:\/\/charavoileduboutdumonde.com\/wp-content\/uploads\/2025\/12\/Agrement-educ-nat-char-2026-768x1095.png\" data-width=\"580\" data-height=\"827\" alt=\"\" ><\/div>\n\t\t\t\t\t\t\t\t\t\t<div class=\"elementor-gallery-item__overlay\"><\/div>\n\t\t\t\t\t\t\t\t\t\t\t\t\t\t\t<div class=\"elementor-gallery-item__content\">\n\t\t\t\t\t\t\t\t\t\t\t\t\t<div class=\"elementor-gallery-item__title\">Agr\u00e9ment \u00e9ducation nationale 2026<\/div>\n\t\t\t\t\t\t\t\t\t\t\t\t<\/div>\n\t\t\t\t\t\t\t\t\t<\/a>\n\t\t\t\t\t\t\t<a class=\"e-gallery-item elementor-gallery-item elementor-animated-content\" href=\"https:\/\/charavoileduboutdumonde.com\/wp-content\/uploads\/2026\/01\/autorisation-vehicules-2026-scaled.jpg\" data-elementor-open-lightbox=\"yes\" data-elementor-lightbox-slideshow=\"all-728b649\" data-elementor-lightbox-title=\"autorisation ve\u0301hicules 2026\">\n\t\t\t\t\t<div class=\"e-gallery-image elementor-gallery-item__image\" data-thumbnail=\"https:\/\/charavoileduboutdumonde.com\/wp-content\/uploads\/2026\/01\/autorisation-vehicules-2026-768x1086.jpg\" data-width=\"580\" data-height=\"820\" alt=\"\" ><\/div>\n\t\t\t\t\t\t\t\t\t\t<div class=\"elementor-gallery-item__overlay\"><\/div>\n\t\t\t\t\t\t\t\t\t\t\t\t\t\t\t<div class=\"elementor-gallery-item__content\">\n\t\t\t\t\t\t\t\t\t\t\t\t\t<div class=\"elementor-gallery-item__title\">Autorisation circulation VTM 2026<\/div>\n\t\t\t\t\t\t\t\t\t\t\t\t<\/div>\n\t\t\t\t\t\t\t\t\t<\/a>\n\t\t\t\t\t\t\t<a class=\"e-gallery-item elementor-gallery-item elementor-animated-content\" href=\"https:\/\/charavoileduboutdumonde.com\/wp-content\/uploads\/2026\/01\/Plan-de-circulation-vehicules-2026.jpg\" data-elementor-open-lightbox=\"yes\" data-elementor-lightbox-slideshow=\"all-728b649\" data-elementor-lightbox-title=\"Screenshot\">\n\t\t\t\t\t<div class=\"e-gallery-image elementor-gallery-item__image\" data-thumbnail=\"https:\/\/charavoileduboutdumonde.com\/wp-content\/uploads\/2026\/01\/Plan-de-circulation-vehicules-2026-768x1063.jpg\" data-width=\"580\" data-height=\"803\" alt=\"\" ><\/div>\n\t\t\t\t\t\t\t\t\t\t<div class=\"elementor-gallery-item__overlay\"><\/div>\n\t\t\t\t\t\t\t\t\t\t\t\t\t\t\t<div class=\"elementor-gallery-item__content\">\n\t\t\t\t\t\t\t\t\t\t\t\t\t<div class=\"elementor-gallery-item__title\">Plan circulation VTM 2026<\/div>\n\t\t\t\t\t\t\t\t\t\t\t\t<\/div>\n\t\t\t\t\t\t\t\t\t<\/a>\n\t\t\t\t\t<\/div>\n\t\t\t<\/div>\n\t\t\t\t<\/div>\n\t\t\t\t\t\t<\/div>\n\t\t\t<\/div>\n\t\t<\/div>\n\t\t\t\t\t\t<\/div>\n\t\t\t<\/div>\n\t\t<\/section>\n\t\t\t\t\t\t<\/div>\n\t\t\t<\/div>\n\t\t<\/div>","protected":false},"excerpt":{"rendered":"<p>Assurance RC PRO 2025 Autorisation plage de Lestrevet 2025 Autorisation plage de Porz Ar Vag Autorisation plage de Trez Bellec Autorisation plage de Kersigu\u00e9nou &#8211; CROZON Autorisation plage de Kersigu\u00e9nou &#8211; CROZON Autorisation plage de Kersigu\u00e9nou &#8211; CROZON Agr\u00e9ment \u00e9ducation nationale 2026 Autorisation circulation VTM 2026 Plan circulation VTM 2026<\/p>","protected":false},"author":1,"featured_media":0,"parent":0,"menu_order":0,"comment_status":"closed","ping_status":"closed","template":"","meta":{"inline_featured_image":false,"footnotes":""},"class_list":["post-1773","page","type-page","status-publish","hentry"],"yoast_head":"<!-- This site is optimized with the Yoast SEO plugin v27.3 - https:\/\/yoast.com\/product\/yoast-seo-wordpress\/ -->\n<title>Autorisations - Char \u00e0 Voile du Bout du Monde<\/title>\n<meta name=\"robots\" content=\"index, follow, max-snippet:-1, max-image-preview:large, max-video-preview:-1\" \/>\n<link rel=\"canonical\" href=\"https:\/\/charavoileduboutdumonde.com\/en\/autorisations\/\" \/>\n<meta property=\"og:locale\" content=\"en_GB\" \/>\n<meta property=\"og:type\" content=\"article\" \/>\n<meta property=\"og:title\" content=\"Autorisations - Char \u00e0 Voile du Bout du Monde\" \/>\n<meta property=\"og:description\" content=\"Assurance RC PRO 2025 Autorisation plage de Lestrevet 2025 Autorisation plage de Porz Ar Vag Autorisation plage de Trez Bellec Autorisation plage de Kersigu\u00e9nou &#8211; CROZON Autorisation plage de Kersigu\u00e9nou &#8211; CROZON Autorisation plage de Kersigu\u00e9nou &#8211; CROZON Agr\u00e9ment \u00e9ducation nationale 2026 Autorisation circulation VTM 2026 Plan circulation VTM 2026\" \/>\n<meta property=\"og:url\" content=\"https:\/\/charavoileduboutdumonde.com\/en\/autorisations\/\" \/>\n<meta property=\"og:site_name\" content=\"Char \u00e0 Voile du Bout du Monde\" \/>\n<meta property=\"article:publisher\" content=\"https:\/\/www.facebook.com\/charavoileduboutdumonde\/\" \/>\n<meta property=\"article:modified_time\" content=\"2026-01-20T16:53:33+00:00\" \/>\n<meta name=\"twitter:card\" content=\"summary_large_image\" \/>\n<meta name=\"twitter:label1\" content=\"Estimated reading time\" \/>\n\t<meta name=\"twitter:data1\" content=\"1 minute\" \/>\n<script type=\"application\/ld+json\" class=\"yoast-schema-graph\">{\"@context\":\"https:\\\/\\\/schema.org\",\"@graph\":[{\"@type\":\"WebPage\",\"@id\":\"https:\\\/\\\/charavoileduboutdumonde.com\\\/autorisations\\\/\",\"url\":\"https:\\\/\\\/charavoileduboutdumonde.com\\\/autorisations\\\/\",\"name\":\"Autorisations - Char \u00e0 Voile du Bout du Monde\",\"isPartOf\":{\"@id\":\"https:\\\/\\\/charavoileduboutdumonde.com\\\/#website\"},\"datePublished\":\"2021-11-20T18:02:32+00:00\",\"dateModified\":\"2026-01-20T16:53:33+00:00\",\"breadcrumb\":{\"@id\":\"https:\\\/\\\/charavoileduboutdumonde.com\\\/autorisations\\\/#breadcrumb\"},\"inLanguage\":\"en-GB\",\"potentialAction\":[{\"@type\":\"ReadAction\",\"target\":[\"https:\\\/\\\/charavoileduboutdumonde.com\\\/autorisations\\\/\"]}]},{\"@type\":\"BreadcrumbList\",\"@id\":\"https:\\\/\\\/charavoileduboutdumonde.com\\\/autorisations\\\/#breadcrumb\",\"itemListElement\":[{\"@type\":\"ListItem\",\"position\":1,\"name\":\"Accueil\",\"item\":\"https:\\\/\\\/charavoileduboutdumonde.com\\\/\"},{\"@type\":\"ListItem\",\"position\":2,\"name\":\"Autorisations\"}]},{\"@type\":\"WebSite\",\"@id\":\"https:\\\/\\\/charavoileduboutdumonde.com\\\/#website\",\"url\":\"https:\\\/\\\/charavoileduboutdumonde.com\\\/\",\"name\":\"Char \u00e0 Voile du Bout du Monde\",\"description\":\"Char \u00e0 Voile du Bout du Monde - Char \u00e0 voile de loisir en Finist\u00e8re, Bretagne\",\"publisher\":{\"@id\":\"https:\\\/\\\/charavoileduboutdumonde.com\\\/#organization\"},\"potentialAction\":[{\"@type\":\"SearchAction\",\"target\":{\"@type\":\"EntryPoint\",\"urlTemplate\":\"https:\\\/\\\/charavoileduboutdumonde.com\\\/?s={search_term_string}\"},\"query-input\":{\"@type\":\"PropertyValueSpecification\",\"valueRequired\":true,\"valueName\":\"search_term_string\"}}],\"inLanguage\":\"en-GB\"},{\"@type\":\"Organization\",\"@id\":\"https:\\\/\\\/charavoileduboutdumonde.com\\\/#organization\",\"name\":\"Char \u00e0 Voile du Bout du Monde\",\"url\":\"https:\\\/\\\/charavoileduboutdumonde.com\\\/\",\"logo\":{\"@type\":\"ImageObject\",\"inLanguage\":\"en-GB\",\"@id\":\"https:\\\/\\\/charavoileduboutdumonde.com\\\/#\\\/schema\\\/logo\\\/image\\\/\",\"url\":\"https:\\\/\\\/charavoileduboutdumonde.com\\\/wp-content\\\/uploads\\\/2020\\\/05\\\/logoheader.png\",\"contentUrl\":\"https:\\\/\\\/charavoileduboutdumonde.com\\\/wp-content\\\/uploads\\\/2020\\\/05\\\/logoheader.png\",\"width\":249,\"height\":80,\"caption\":\"Char \u00e0 Voile du Bout du Monde\"},\"image\":{\"@id\":\"https:\\\/\\\/charavoileduboutdumonde.com\\\/#\\\/schema\\\/logo\\\/image\\\/\"},\"sameAs\":[\"https:\\\/\\\/www.facebook.com\\\/charavoileduboutdumonde\\\/\",\"https:\\\/\\\/www.instagram.com\\\/charavoileduboutdumonde\\\/\",\"https:\\\/\\\/www.youtube.com\\\/channel\\\/UC6oaDP9kS6oN_ZL61EhoDKw\\\/\"]}]}<\/script>\n<!-- \/ Yoast SEO plugin. -->","yoast_head_json":{"title":"Autorisations - Char \u00e0 Voile du Bout du Monde","robots":{"index":"index","follow":"follow","max-snippet":"max-snippet:-1","max-image-preview":"max-image-preview:large","max-video-preview":"max-video-preview:-1"},"canonical":"https:\/\/charavoileduboutdumonde.com\/en\/autorisations\/","og_locale":"en_GB","og_type":"article","og_title":"Autorisations - Char \u00e0 Voile du Bout du Monde","og_description":"Assurance RC PRO 2025 Autorisation plage de Lestrevet 2025 Autorisation plage de Porz Ar Vag Autorisation plage de Trez Bellec Autorisation plage de Kersigu\u00e9nou &#8211; CROZON Autorisation plage de Kersigu\u00e9nou &#8211; CROZON Autorisation plage de Kersigu\u00e9nou &#8211; CROZON Agr\u00e9ment \u00e9ducation nationale 2026 Autorisation circulation VTM 2026 Plan circulation VTM 2026","og_url":"https:\/\/charavoileduboutdumonde.com\/en\/autorisations\/","og_site_name":"Char \u00e0 Voile du Bout du Monde","article_publisher":"https:\/\/www.facebook.com\/charavoileduboutdumonde\/","article_modified_time":"2026-01-20T16:53:33+00:00","twitter_card":"summary_large_image","twitter_misc":{"Estimated reading time":"1 minute"},"schema":{"@context":"https:\/\/schema.org","@graph":[{"@type":"WebPage","@id":"https:\/\/charavoileduboutdumonde.com\/autorisations\/","url":"https:\/\/charavoileduboutdumonde.com\/autorisations\/","name":"Autorisations - Char \u00e0 Voile du Bout du Monde","isPartOf":{"@id":"https:\/\/charavoileduboutdumonde.com\/#website"},"datePublished":"2021-11-20T18:02:32+00:00","dateModified":"2026-01-20T16:53:33+00:00","breadcrumb":{"@id":"https:\/\/charavoileduboutdumonde.com\/autorisations\/#breadcrumb"},"inLanguage":"en-GB","potentialAction":[{"@type":"ReadAction","target":["https:\/\/charavoileduboutdumonde.com\/autorisations\/"]}]},{"@type":"BreadcrumbList","@id":"https:\/\/charavoileduboutdumonde.com\/autorisations\/#breadcrumb","itemListElement":[{"@type":"ListItem","position":1,"name":"Accueil","item":"https:\/\/charavoileduboutdumonde.com\/"},{"@type":"ListItem","position":2,"name":"Autorisations"}]},{"@type":"WebSite","@id":"https:\/\/charavoileduboutdumonde.com\/#website","url":"https:\/\/charavoileduboutdumonde.com\/","name":"Char \u00e0 Voile du Bout du Monde","description":"Char \u00e0 Voile du Bout du Monde - Char \u00e0 voile de loisir en Finist\u00e8re, Bretagne","publisher":{"@id":"https:\/\/charavoileduboutdumonde.com\/#organization"},"potentialAction":[{"@type":"SearchAction","target":{"@type":"EntryPoint","urlTemplate":"https:\/\/charavoileduboutdumonde.com\/?s={search_term_string}"},"query-input":{"@type":"PropertyValueSpecification","valueRequired":true,"valueName":"search_term_string"}}],"inLanguage":"en-GB"},{"@type":"Organization","@id":"https:\/\/charavoileduboutdumonde.com\/#organization","name":"Char \u00e0 Voile du Bout du Monde","url":"https:\/\/charavoileduboutdumonde.com\/","logo":{"@type":"ImageObject","inLanguage":"en-GB","@id":"https:\/\/charavoileduboutdumonde.com\/#\/schema\/logo\/image\/","url":"https:\/\/charavoileduboutdumonde.com\/wp-content\/uploads\/2020\/05\/logoheader.png","contentUrl":"https:\/\/charavoileduboutdumonde.com\/wp-content\/uploads\/2020\/05\/logoheader.png","width":249,"height":80,"caption":"Char \u00e0 Voile du Bout du Monde"},"image":{"@id":"https:\/\/charavoileduboutdumonde.com\/#\/schema\/logo\/image\/"},"sameAs":["https:\/\/www.facebook.com\/charavoileduboutdumonde\/","https:\/\/www.instagram.com\/charavoileduboutdumonde\/","https:\/\/www.youtube.com\/channel\/UC6oaDP9kS6oN_ZL61EhoDKw\/"]}]}},"_links":{"self":[{"href":"https:\/\/charavoileduboutdumonde.com\/en\/wp-json\/wp\/v2\/pages\/1773","targetHints":{"allow":["GET"]}}],"collection":[{"href":"https:\/\/charavoileduboutdumonde.com\/en\/wp-json\/wp\/v2\/pages"}],"about":[{"href":"https:\/\/charavoileduboutdumonde.com\/en\/wp-json\/wp\/v2\/types\/page"}],"author":[{"embeddable":true,"href":"https:\/\/charavoileduboutdumonde.com\/en\/wp-json\/wp\/v2\/users\/1"}],"replies":[{"embeddable":true,"href":"https:\/\/charavoileduboutdumonde.com\/en\/wp-json\/wp\/v2\/comments?post=1773"}],"version-history":[{"count":20,"href":"https:\/\/charavoileduboutdumonde.com\/en\/wp-json\/wp\/v2\/pages\/1773\/revisions"}],"predecessor-version":[{"id":2860,"href":"https:\/\/charavoileduboutdumonde.com\/en\/wp-json\/wp\/v2\/pages\/1773\/revisions\/2860"}],"wp:attachment":[{"href":"https:\/\/charavoileduboutdumonde.com\/en\/wp-json\/wp\/v2\/media?parent=1773"}],"curies":[{"name":"wp","href":"https:\/\/api.w.org\/{rel}","templated":true}]}}