{"id":21,"date":"2020-05-03T16:51:53","date_gmt":"2020-05-03T14:51:53","guid":{"rendered":"http:\/\/munchausen.fr\/charavoileduboutdumonde\/wp\/?page_id=21"},"modified":"2024-11-21T12:55:18","modified_gmt":"2024-11-21T11:55:18","slug":"materiels","status":"publish","type":"page","link":"https:\/\/charavoileduboutdumonde.com\/en\/materiels\/","title":{"rendered":"EQUIPEMENT"},"content":{"rendered":"<div data-elementor-type=\"wp-page\" data-elementor-id=\"21\" class=\"elementor elementor-21\" data-elementor-settings=\"[]\">\n\t\t\t<div class=\"elementor-inner\">\n\t\t\t\t<div class=\"elementor-section-wrap\">\n\t\t\t\t\t\t\t<section class=\"elementor-element elementor-element-bddb741 elementor-section-boxed elementor-section-height-default elementor-section-height-default elementor-section elementor-top-section\" data-id=\"bddb741\" data-element_type=\"section\">\n\t\t\t\t\t\t<div class=\"elementor-container elementor-column-gap-default\">\n\t\t\t\t<div class=\"elementor-row\">\n\t\t\t\t<div class=\"elementor-element elementor-element-ee227cc elementor-column elementor-col-33 elementor-top-column\" data-id=\"ee227cc\" data-element_type=\"column\">\n\t\t\t<div class=\"elementor-column-wrap  elementor-element-populated\">\n\t\t\t\t\t<div class=\"elementor-widget-wrap\">\n\t\t\t\t<div class=\"elementor-element elementor-element-b2641c3 elementor-widget elementor-widget-image\" data-id=\"b2641c3\" data-element_type=\"widget\" data-widget_type=\"image.default\">\n\t\t\t\t<div class=\"elementor-widget-container\">\n\t\t\t\t\t<div class=\"elementor-image\">\n\t\t\t\t\t\t\t<figure class=\"wp-caption\">\n\t\t\t\t\t\t\t\t\t\t<img loading=\"lazy\" decoding=\"async\" width=\"225\" height=\"300\" src=\"https:\/\/charavoileduboutdumonde.com\/wp-content\/uploads\/2020\/05\/IMG_1889-225x300.jpg\" class=\"attachment-medium size-medium\" alt=\"\" srcset=\"https:\/\/charavoileduboutdumonde.com\/wp-content\/uploads\/2020\/05\/IMG_1889-225x300.jpg 225w, https:\/\/charavoileduboutdumonde.com\/wp-content\/uploads\/2020\/05\/IMG_1889.jpg 525w\" sizes=\"auto, (max-width: 225px) 100vw, 225px\" \/>\t\t\t\t\t\t\t\t\t\t\t<figcaption class=\"widget-image-caption wp-caption-text\">Seagull Ludic<\/figcaption>\n\t\t\t\t\t\t\t\t\t\t<\/figure>\n\t\t\t\t\t<\/div>\n\t\t\t\t<\/div>\n\t\t\t\t<\/div>\n\t\t\t\t\t\t<\/div>\n\t\t\t<\/div>\n\t\t<\/div>\n\t\t\t\t<div class=\"elementor-element elementor-element-72e3cc4 elementor-column elementor-col-33 elementor-top-column\" data-id=\"72e3cc4\" data-element_type=\"column\">\n\t\t\t<div class=\"elementor-column-wrap  elementor-element-populated\">\n\t\t\t\t\t<div class=\"elementor-widget-wrap\">\n\t\t\t\t<div class=\"elementor-element elementor-element-dce789d elementor-widget elementor-widget-image\" data-id=\"dce789d\" data-element_type=\"widget\" data-widget_type=\"image.default\">\n\t\t\t\t<div class=\"elementor-widget-container\">\n\t\t\t\t\t<div class=\"elementor-image\">\n\t\t\t\t\t\t\t<figure class=\"wp-caption\">\n\t\t\t\t\t\t\t\t\t\t<img loading=\"lazy\" decoding=\"async\" width=\"580\" height=\"319\" src=\"https:\/\/charavoileduboutdumonde.com\/wp-content\/uploads\/2023\/02\/char-double-768x422.jpg\" class=\"attachment-medium_large size-medium_large\" alt=\"\" srcset=\"https:\/\/charavoileduboutdumonde.com\/wp-content\/uploads\/2023\/02\/char-double-768x422.jpg 768w, https:\/\/charavoileduboutdumonde.com\/wp-content\/uploads\/2023\/02\/char-double-300x165.jpg 300w, https:\/\/charavoileduboutdumonde.com\/wp-content\/uploads\/2023\/02\/char-double-1024x563.jpg 1024w, https:\/\/charavoileduboutdumonde.com\/wp-content\/uploads\/2023\/02\/char-double-1536x844.jpg 1536w, https:\/\/charavoileduboutdumonde.com\/wp-content\/uploads\/2023\/02\/char-double-2048x1125.jpg 2048w, https:\/\/charavoileduboutdumonde.com\/wp-content\/uploads\/2023\/02\/char-double-1200x659.jpg 1200w, https:\/\/charavoileduboutdumonde.com\/wp-content\/uploads\/2023\/02\/char-double-1980x1088.jpg 1980w\" sizes=\"auto, (max-width: 580px) 100vw, 580px\" \/>\t\t\t\t\t\t\t\t\t\t\t<figcaption class=\"widget-image-caption wp-caption-text\">Char bi-place<\/figcaption>\n\t\t\t\t\t\t\t\t\t\t<\/figure>\n\t\t\t\t\t<\/div>\n\t\t\t\t<\/div>\n\t\t\t\t<\/div>\n\t\t\t\t\t\t<\/div>\n\t\t\t<\/div>\n\t\t<\/div>\n\t\t\t\t<div class=\"elementor-element elementor-element-475175b elementor-column elementor-col-33 elementor-top-column\" data-id=\"475175b\" data-element_type=\"column\">\n\t\t\t<div class=\"elementor-column-wrap  elementor-element-populated\">\n\t\t\t\t\t<div class=\"elementor-widget-wrap\">\n\t\t\t\t<div class=\"elementor-element elementor-element-b907957 elementor-widget elementor-widget-image\" data-id=\"b907957\" data-element_type=\"widget\" data-widget_type=\"image.default\">\n\t\t\t\t<div class=\"elementor-widget-container\">\n\t\t\t\t\t<div class=\"elementor-image\">\n\t\t\t\t\t\t\t<figure class=\"wp-caption\">\n\t\t\t\t\t\t\t\t\t\t<img loading=\"lazy\" decoding=\"async\" width=\"300\" height=\"225\" src=\"https:\/\/charavoileduboutdumonde.com\/wp-content\/uploads\/2024\/11\/Saphir-ligue-300x225.jpg\" class=\"attachment-medium size-medium\" alt=\"\" srcset=\"https:\/\/charavoileduboutdumonde.com\/wp-content\/uploads\/2024\/11\/Saphir-ligue-300x225.jpg 300w, https:\/\/charavoileduboutdumonde.com\/wp-content\/uploads\/2024\/11\/Saphir-ligue-1024x768.jpg 1024w, https:\/\/charavoileduboutdumonde.com\/wp-content\/uploads\/2024\/11\/Saphir-ligue-768x576.jpg 768w, https:\/\/charavoileduboutdumonde.com\/wp-content\/uploads\/2024\/11\/Saphir-ligue-1536x1152.jpg 1536w, https:\/\/charavoileduboutdumonde.com\/wp-content\/uploads\/2024\/11\/Saphir-ligue-2048x1536.jpg 2048w, https:\/\/charavoileduboutdumonde.com\/wp-content\/uploads\/2024\/11\/Saphir-ligue-1200x900.jpg 1200w, https:\/\/charavoileduboutdumonde.com\/wp-content\/uploads\/2024\/11\/Saphir-ligue-1980x1485.jpg 1980w\" sizes=\"auto, (max-width: 300px) 100vw, 300px\" \/>\t\t\t\t\t\t\t\t\t\t\t<figcaption class=\"widget-image-caption wp-caption-text\"> SAPHIR<\/figcaption>\n\t\t\t\t\t\t\t\t\t\t<\/figure>\n\t\t\t\t\t<\/div>\n\t\t\t\t<\/div>\n\t\t\t\t<\/div>\n\t\t\t\t\t\t<\/div>\n\t\t\t<\/div>\n\t\t<\/div>\n\t\t\t\t\t\t<\/div>\n\t\t\t<\/div>\n\t\t<\/section>\n\t\t\t\t<section class=\"elementor-element elementor-element-19899a7 elementor-section-boxed elementor-section-height-default elementor-section-height-default elementor-section elementor-top-section\" data-id=\"19899a7\" data-element_type=\"section\">\n\t\t\t\t\t\t<div class=\"elementor-container elementor-column-gap-default\">\n\t\t\t\t<div class=\"elementor-row\">\n\t\t\t\t<div class=\"elementor-element elementor-element-947832f elementor-column elementor-col-100 elementor-top-column\" data-id=\"947832f\" data-element_type=\"column\">\n\t\t\t<div class=\"elementor-column-wrap  elementor-element-populated\">\n\t\t\t\t\t<div class=\"elementor-widget-wrap\">\n\t\t\t\t<div class=\"elementor-element elementor-element-f34567e elementor-icon-list--layout-traditional elementor-widget elementor-widget-icon-list\" data-id=\"f34567e\" data-element_type=\"widget\" data-widget_type=\"icon-list.default\">\n\t\t\t\t<div class=\"elementor-widget-container\">\n\t\t\t\t\t<ul class=\"elementor-icon-list-items\">\n\t\t\t\t\t\t\t<li class=\"elementor-icon-list-item\" >\n\t\t\t\t\t\t\t\t\t\t\t<span class=\"elementor-icon-list-icon\">\n\t\t\t\t\t\t\t<i aria-hidden=\"true\" class=\"fas fa-chevron-right\"><\/i>\t\t\t\t\t\t<\/span>\n\t\t\t\t\t\t\t\t\t\t<span class=\"elementor-icon-list-text\">The land sailers, <a href=\"http:\/\/www.char-a-voile.com\/chars\/0-0-0-0-0-0-0-0-0-0-0-0-0-0-0-0-0-0-0-0-0-0-0-0-0-0-0-0-ludic.html\" title=\"Char mod\u00e8le Ludic\" target=\"_blank\">Ludic models<\/a> from <a href=\"http:\/\/www.char-a-voile.com\/\" target=\"_blank\" title=\"Seagull Char \u00e0 voiles\">Seagull,<\/a>are equipped with mudguards (front and rear), ensuring better visibility by limiting sand splashes. This is also a guarantee of safety, quality, and comfort while sailing. In practice, you stay (almost) dry!<\/span>\n\t\t\t\t\t\t\t\t\t<\/li>\n\t\t\t\t\t\t\t\t<li class=\"elementor-icon-list-item\" >\n\t\t\t\t\t\t\t\t\t\t\t<span class=\"elementor-icon-list-icon\">\n\t\t\t\t\t\t\t<i aria-hidden=\"true\" class=\"fas fa-chevron-right\"><\/i>\t\t\t\t\t\t<\/span>\n\t\t\t\t\t\t\t\t\t\t<span class=\"elementor-icon-list-text\">Equipment is checked, maintained, and of high quality.<\/span>\n\t\t\t\t\t\t\t\t\t<\/li>\n\t\t\t\t\t\t\t\t<li class=\"elementor-icon-list-item\" >\n\t\t\t\t\t\t\t\t\t\t\t<span class=\"elementor-icon-list-icon\">\n\t\t\t\t\t\t\t<i aria-hidden=\"true\" class=\"fas fa-chevron-right\"><\/i>\t\t\t\t\t\t<\/span>\n\t\t\t\t\t\t\t\t\t\t<span class=\"elementor-icon-list-text\">20 Ludic land sailers equipped with sails ranging from 2.5m to 6m, suitable for all wind conditions. <\/span>\n\t\t\t\t\t\t\t\t\t<\/li>\n\t\t\t\t\t\t\t\t<li class=\"elementor-icon-list-item\" >\n\t\t\t\t\t\t\t\t\t\t\t<span class=\"elementor-icon-list-icon\">\n\t\t\t\t\t\t\t<i aria-hidden=\"true\" class=\"fas fa-chevron-right\"><\/i>\t\t\t\t\t\t<\/span>\n\t\t\t\t\t\t\t\t\t\t<span class=\"elementor-icon-list-text\">2 Saphir land sailers from Zephir for personalized coaching and competition use. <\/span>\n\t\t\t\t\t\t\t\t\t<\/li>\n\t\t\t\t\t\t\t\t<li class=\"elementor-icon-list-item\" >\n\t\t\t\t\t\t\t\t\t\t\t<span class=\"elementor-icon-list-icon\">\n\t\t\t\t\t\t\t<i aria-hidden=\"true\" class=\"fas fa-chevron-right\"><\/i>\t\t\t\t\t\t<\/span>\n\t\t\t\t\t\t\t\t\t\t<span class=\"elementor-icon-list-text\">4 two-seater land sailers for practicing from the age of 5.<\/span>\n\t\t\t\t\t\t\t\t\t<\/li>\n\t\t\t\t\t\t\t\t<li class=\"elementor-icon-list-item\" >\n\t\t\t\t\t\t\t\t\t\t\t<span class=\"elementor-icon-list-icon\">\n\t\t\t\t\t\t\t<i aria-hidden=\"true\" class=\"fas fa-chevron-right\"><\/i>\t\t\t\t\t\t<\/span>\n\t\t\t\t\t\t\t\t\t\t<span class=\"elementor-icon-list-text\">3 kite-buggy sailers to discover a new type of aerodynamically towed gliding.<\/span>\n\t\t\t\t\t\t\t\t\t<\/li>\n\t\t\t\t\t\t\t\t<li class=\"elementor-icon-list-item\" >\n\t\t\t\t\t\t\t\t\t\t\t<span class=\"elementor-icon-list-icon\">\n\t\t\t\t\t\t\t<i aria-hidden=\"true\" class=\"fas fa-chevron-right\"><\/i>\t\t\t\t\t\t<\/span>\n\t\t\t\t\t\t\t\t\t\t<span class=\"elementor-icon-list-text\">6 land karts with pedals for use in urban environments.<\/span>\n\t\t\t\t\t\t\t\t\t<\/li>\n\t\t\t\t\t\t<\/ul>\n\t\t\t\t<\/div>\n\t\t\t\t<\/div>\n\t\t\t\t\t\t<\/div>\n\t\t\t<\/div>\n\t\t<\/div>\n\t\t\t\t\t\t<\/div>\n\t\t\t<\/div>\n\t\t<\/section>\n\t\t\t\t<section class=\"elementor-element elementor-element-1458c44 elementor-section-boxed elementor-section-height-default elementor-section-height-default elementor-section elementor-top-section\" data-id=\"1458c44\" data-element_type=\"section\">\n\t\t\t\t\t\t<div class=\"elementor-container elementor-column-gap-default\">\n\t\t\t\t<div class=\"elementor-row\">\n\t\t\t\t<div class=\"elementor-element elementor-element-452e624 elementor-column elementor-col-100 elementor-top-column\" data-id=\"452e624\" data-element_type=\"column\">\n\t\t\t<div class=\"elementor-column-wrap  elementor-element-populated\">\n\t\t\t\t\t<div class=\"elementor-widget-wrap\">\n\t\t\t\t<div class=\"elementor-element elementor-element-63f1ee6 elementor-widget elementor-widget-text-editor\" data-id=\"63f1ee6\" data-element_type=\"widget\" data-widget_type=\"text-editor.default\">\n\t\t\t\t<div class=\"elementor-widget-container\">\n\t\t\t\t\t<div class=\"elementor-text-editor elementor-clearfix\"><p style=\"text-align: center;\"><span style=\"font-family: verdana, geneva, sans-serif;\"><strong>90% de notre parc mat\u00e9riels est MADE IN BZH !<\/strong> <a href=\"https:\/\/charavoileduboutdumonde.com\/en\/materiels\/vecteezy_brittany-territory-waving-flag-png_12226731\/\" rel=\"attachment wp-att-2544\"><img loading=\"lazy\" decoding=\"async\" class=\"alignnone size-large wp-image-2544\" src=\"http:\/\/charavoileduboutdumonde.com\/wp-content\/uploads\/2024\/11\/vecteezy_brittany-territory-waving-flag-png_12226731-1024x576.png\" alt=\"\" width=\"580\" height=\"326\" srcset=\"https:\/\/charavoileduboutdumonde.com\/wp-content\/uploads\/2024\/11\/vecteezy_brittany-territory-waving-flag-png_12226731-1024x576.png 1024w, https:\/\/charavoileduboutdumonde.com\/wp-content\/uploads\/2024\/11\/vecteezy_brittany-territory-waving-flag-png_12226731-300x169.png 300w, https:\/\/charavoileduboutdumonde.com\/wp-content\/uploads\/2024\/11\/vecteezy_brittany-territory-waving-flag-png_12226731-768x432.png 768w, https:\/\/charavoileduboutdumonde.com\/wp-content\/uploads\/2024\/11\/vecteezy_brittany-territory-waving-flag-png_12226731-1536x864.png 1536w, https:\/\/charavoileduboutdumonde.com\/wp-content\/uploads\/2024\/11\/vecteezy_brittany-territory-waving-flag-png_12226731-2048x1152.png 2048w, https:\/\/charavoileduboutdumonde.com\/wp-content\/uploads\/2024\/11\/vecteezy_brittany-territory-waving-flag-png_12226731-1200x675.png 1200w, https:\/\/charavoileduboutdumonde.com\/wp-content\/uploads\/2024\/11\/vecteezy_brittany-territory-waving-flag-png_12226731-1980x1114.png 1980w\" sizes=\"auto, (max-width: 580px) 100vw, 580px\" \/><\/a><\/span><\/p><\/div>\n\t\t\t\t<\/div>\n\t\t\t\t<\/div>\n\t\t\t\t\t\t<\/div>\n\t\t\t<\/div>\n\t\t<\/div>\n\t\t\t\t\t\t<\/div>\n\t\t\t<\/div>\n\t\t<\/section>\n\t\t\t\t\t\t<\/div>\n\t\t\t<\/div>\n\t\t<\/div>","protected":false},"excerpt":{"rendered":"<p>Seagull Ludic Char bi-place SAPHIR Les chars, mod\u00e8le Ludic de chez Seagull, sont \u00e9quip\u00e9s de gardes-boues (avant et arri\u00e8re) vous garantissant ainsi une meilleure visibilit\u00e9 en limitant les projections de sable. C&rsquo;est \u00e9galement un gage de s\u00e9curit\u00e9, qualit\u00e9 et confort de pilotage. Concr\u00e8tement, vous restez (presque) au sec ! Mat\u00e9riels r\u00e9vis\u00e9s, entretenus et de qualit\u00e9s [&hellip;]<\/p>","protected":false},"author":1,"featured_media":0,"parent":0,"menu_order":0,"comment_status":"closed","ping_status":"closed","template":"","meta":{"inline_featured_image":false,"footnotes":""},"class_list":["post-21","page","type-page","status-publish","hentry"],"yoast_head":"<!-- This site is optimized with the Yoast SEO plugin v27.5 - https:\/\/yoast.com\/product\/yoast-seo-wordpress\/ -->\n<title>Mat\u00e9riels - Equipements - Char \u00e0 Voile du Bout du Monde<\/title>\n<meta name=\"description\" content=\"Vous trouverez ici les descriptifs des mat\u00e9riels utilis\u00e9s par le centre. Les chars \u00e0 voile, kitebuggy, kart \u00e0 voile, ..\" \/>\n<meta name=\"robots\" content=\"index, follow, max-snippet:-1, max-image-preview:large, max-video-preview:-1\" \/>\n<link rel=\"canonical\" href=\"https:\/\/charavoileduboutdumonde.com\/en\/materiels\/\" \/>\n<meta property=\"og:locale\" content=\"en_GB\" \/>\n<meta property=\"og:type\" content=\"article\" \/>\n<meta property=\"og:title\" content=\"Mat\u00e9riels - Equipements - Char \u00e0 Voile du Bout du Monde\" \/>\n<meta property=\"og:description\" content=\"Vous trouverez ici les descriptifs des mat\u00e9riels utilis\u00e9s par le centre. Les chars \u00e0 voile, kitebuggy, kart \u00e0 voile, ..\" \/>\n<meta property=\"og:url\" content=\"https:\/\/charavoileduboutdumonde.com\/en\/materiels\/\" \/>\n<meta property=\"og:site_name\" content=\"Char \u00e0 Voile du Bout du Monde\" \/>\n<meta property=\"article:publisher\" content=\"https:\/\/www.facebook.com\/charavoileduboutdumonde\/\" \/>\n<meta property=\"article:modified_time\" content=\"2024-11-21T11:55:18+00:00\" \/>\n<meta property=\"og:image\" content=\"http:\/\/charavoileduboutdumonde.com\/wp-content\/uploads\/2020\/05\/IMG_1889-225x300.jpg\" \/>\n<meta name=\"twitter:card\" content=\"summary_large_image\" \/>\n<meta name=\"twitter:label1\" content=\"Estimated reading time\" \/>\n\t<meta name=\"twitter:data1\" content=\"2 minutes\" \/>\n<script type=\"application\/ld+json\" class=\"yoast-schema-graph\">{\"@context\":\"https:\\\/\\\/schema.org\",\"@graph\":[{\"@type\":\"WebPage\",\"@id\":\"https:\\\/\\\/charavoileduboutdumonde.com\\\/materiels\\\/\",\"url\":\"https:\\\/\\\/charavoileduboutdumonde.com\\\/materiels\\\/\",\"name\":\"Mat\u00e9riels - Equipements - Char \u00e0 Voile du Bout du Monde\",\"isPartOf\":{\"@id\":\"https:\\\/\\\/charavoileduboutdumonde.com\\\/#website\"},\"primaryImageOfPage\":{\"@id\":\"https:\\\/\\\/charavoileduboutdumonde.com\\\/materiels\\\/#primaryimage\"},\"image\":{\"@id\":\"https:\\\/\\\/charavoileduboutdumonde.com\\\/materiels\\\/#primaryimage\"},\"thumbnailUrl\":\"http:\\\/\\\/charavoileduboutdumonde.com\\\/wp-content\\\/uploads\\\/2020\\\/05\\\/IMG_1889-225x300.jpg\",\"datePublished\":\"2020-05-03T14:51:53+00:00\",\"dateModified\":\"2024-11-21T11:55:18+00:00\",\"description\":\"Vous trouverez ici les descriptifs des mat\u00e9riels utilis\u00e9s par le centre. Les chars \u00e0 voile, kitebuggy, kart \u00e0 voile, ..\",\"breadcrumb\":{\"@id\":\"https:\\\/\\\/charavoileduboutdumonde.com\\\/materiels\\\/#breadcrumb\"},\"inLanguage\":\"en-GB\",\"potentialAction\":[{\"@type\":\"ReadAction\",\"target\":[\"https:\\\/\\\/charavoileduboutdumonde.com\\\/materiels\\\/\"]}]},{\"@type\":\"ImageObject\",\"inLanguage\":\"en-GB\",\"@id\":\"https:\\\/\\\/charavoileduboutdumonde.com\\\/materiels\\\/#primaryimage\",\"url\":\"http:\\\/\\\/charavoileduboutdumonde.com\\\/wp-content\\\/uploads\\\/2020\\\/05\\\/IMG_1889-225x300.jpg\",\"contentUrl\":\"http:\\\/\\\/charavoileduboutdumonde.com\\\/wp-content\\\/uploads\\\/2020\\\/05\\\/IMG_1889-225x300.jpg\"},{\"@type\":\"BreadcrumbList\",\"@id\":\"https:\\\/\\\/charavoileduboutdumonde.com\\\/materiels\\\/#breadcrumb\",\"itemListElement\":[{\"@type\":\"ListItem\",\"position\":1,\"name\":\"Accueil\",\"item\":\"https:\\\/\\\/charavoileduboutdumonde.com\\\/\"},{\"@type\":\"ListItem\",\"position\":2,\"name\":\"Mat\u00e9riels\"}]},{\"@type\":\"WebSite\",\"@id\":\"https:\\\/\\\/charavoileduboutdumonde.com\\\/#website\",\"url\":\"https:\\\/\\\/charavoileduboutdumonde.com\\\/\",\"name\":\"Char \u00e0 Voile du Bout du Monde\",\"description\":\"Char \u00e0 Voile du Bout du Monde - Char \u00e0 voile de loisir en Finist\u00e8re, Bretagne\",\"publisher\":{\"@id\":\"https:\\\/\\\/charavoileduboutdumonde.com\\\/#organization\"},\"potentialAction\":[{\"@type\":\"SearchAction\",\"target\":{\"@type\":\"EntryPoint\",\"urlTemplate\":\"https:\\\/\\\/charavoileduboutdumonde.com\\\/?s={search_term_string}\"},\"query-input\":{\"@type\":\"PropertyValueSpecification\",\"valueRequired\":true,\"valueName\":\"search_term_string\"}}],\"inLanguage\":\"en-GB\"},{\"@type\":\"Organization\",\"@id\":\"https:\\\/\\\/charavoileduboutdumonde.com\\\/#organization\",\"name\":\"Char \u00e0 Voile du Bout du Monde\",\"url\":\"https:\\\/\\\/charavoileduboutdumonde.com\\\/\",\"logo\":{\"@type\":\"ImageObject\",\"inLanguage\":\"en-GB\",\"@id\":\"https:\\\/\\\/charavoileduboutdumonde.com\\\/#\\\/schema\\\/logo\\\/image\\\/\",\"url\":\"https:\\\/\\\/charavoileduboutdumonde.com\\\/wp-content\\\/uploads\\\/2020\\\/05\\\/logoheader.png\",\"contentUrl\":\"https:\\\/\\\/charavoileduboutdumonde.com\\\/wp-content\\\/uploads\\\/2020\\\/05\\\/logoheader.png\",\"width\":249,\"height\":80,\"caption\":\"Char \u00e0 Voile du Bout du Monde\"},\"image\":{\"@id\":\"https:\\\/\\\/charavoileduboutdumonde.com\\\/#\\\/schema\\\/logo\\\/image\\\/\"},\"sameAs\":[\"https:\\\/\\\/www.facebook.com\\\/charavoileduboutdumonde\\\/\",\"https:\\\/\\\/www.instagram.com\\\/charavoileduboutdumonde\\\/\",\"https:\\\/\\\/www.youtube.com\\\/channel\\\/UC6oaDP9kS6oN_ZL61EhoDKw\\\/\"]}]}<\/script>\n<!-- \/ Yoast SEO plugin. -->","yoast_head_json":{"title":"Mat\u00e9riels - Equipements - Char \u00e0 Voile du Bout du Monde","description":"Vous trouverez ici les descriptifs des mat\u00e9riels utilis\u00e9s par le centre. Les chars \u00e0 voile, kitebuggy, kart \u00e0 voile, ..","robots":{"index":"index","follow":"follow","max-snippet":"max-snippet:-1","max-image-preview":"max-image-preview:large","max-video-preview":"max-video-preview:-1"},"canonical":"https:\/\/charavoileduboutdumonde.com\/en\/materiels\/","og_locale":"en_GB","og_type":"article","og_title":"Mat\u00e9riels - Equipements - Char \u00e0 Voile du Bout du Monde","og_description":"Vous trouverez ici les descriptifs des mat\u00e9riels utilis\u00e9s par le centre. Les chars \u00e0 voile, kitebuggy, kart \u00e0 voile, ..","og_url":"https:\/\/charavoileduboutdumonde.com\/en\/materiels\/","og_site_name":"Char \u00e0 Voile du Bout du Monde","article_publisher":"https:\/\/www.facebook.com\/charavoileduboutdumonde\/","article_modified_time":"2024-11-21T11:55:18+00:00","og_image":[{"url":"http:\/\/charavoileduboutdumonde.com\/wp-content\/uploads\/2020\/05\/IMG_1889-225x300.jpg","type":"","width":"","height":""}],"twitter_card":"summary_large_image","twitter_misc":{"Estimated reading time":"2 minutes"},"schema":{"@context":"https:\/\/schema.org","@graph":[{"@type":"WebPage","@id":"https:\/\/charavoileduboutdumonde.com\/materiels\/","url":"https:\/\/charavoileduboutdumonde.com\/materiels\/","name":"Mat\u00e9riels - Equipements - Char \u00e0 Voile du Bout du Monde","isPartOf":{"@id":"https:\/\/charavoileduboutdumonde.com\/#website"},"primaryImageOfPage":{"@id":"https:\/\/charavoileduboutdumonde.com\/materiels\/#primaryimage"},"image":{"@id":"https:\/\/charavoileduboutdumonde.com\/materiels\/#primaryimage"},"thumbnailUrl":"http:\/\/charavoileduboutdumonde.com\/wp-content\/uploads\/2020\/05\/IMG_1889-225x300.jpg","datePublished":"2020-05-03T14:51:53+00:00","dateModified":"2024-11-21T11:55:18+00:00","description":"Vous trouverez ici les descriptifs des mat\u00e9riels utilis\u00e9s par le centre. Les chars \u00e0 voile, kitebuggy, kart \u00e0 voile, ..","breadcrumb":{"@id":"https:\/\/charavoileduboutdumonde.com\/materiels\/#breadcrumb"},"inLanguage":"en-GB","potentialAction":[{"@type":"ReadAction","target":["https:\/\/charavoileduboutdumonde.com\/materiels\/"]}]},{"@type":"ImageObject","inLanguage":"en-GB","@id":"https:\/\/charavoileduboutdumonde.com\/materiels\/#primaryimage","url":"http:\/\/charavoileduboutdumonde.com\/wp-content\/uploads\/2020\/05\/IMG_1889-225x300.jpg","contentUrl":"http:\/\/charavoileduboutdumonde.com\/wp-content\/uploads\/2020\/05\/IMG_1889-225x300.jpg"},{"@type":"BreadcrumbList","@id":"https:\/\/charavoileduboutdumonde.com\/materiels\/#breadcrumb","itemListElement":[{"@type":"ListItem","position":1,"name":"Accueil","item":"https:\/\/charavoileduboutdumonde.com\/"},{"@type":"ListItem","position":2,"name":"Mat\u00e9riels"}]},{"@type":"WebSite","@id":"https:\/\/charavoileduboutdumonde.com\/#website","url":"https:\/\/charavoileduboutdumonde.com\/","name":"Char \u00e0 Voile du Bout du Monde","description":"Char \u00e0 Voile du Bout du Monde - Char \u00e0 voile de loisir en Finist\u00e8re, Bretagne","publisher":{"@id":"https:\/\/charavoileduboutdumonde.com\/#organization"},"potentialAction":[{"@type":"SearchAction","target":{"@type":"EntryPoint","urlTemplate":"https:\/\/charavoileduboutdumonde.com\/?s={search_term_string}"},"query-input":{"@type":"PropertyValueSpecification","valueRequired":true,"valueName":"search_term_string"}}],"inLanguage":"en-GB"},{"@type":"Organization","@id":"https:\/\/charavoileduboutdumonde.com\/#organization","name":"Char \u00e0 Voile du Bout du Monde","url":"https:\/\/charavoileduboutdumonde.com\/","logo":{"@type":"ImageObject","inLanguage":"en-GB","@id":"https:\/\/charavoileduboutdumonde.com\/#\/schema\/logo\/image\/","url":"https:\/\/charavoileduboutdumonde.com\/wp-content\/uploads\/2020\/05\/logoheader.png","contentUrl":"https:\/\/charavoileduboutdumonde.com\/wp-content\/uploads\/2020\/05\/logoheader.png","width":249,"height":80,"caption":"Char \u00e0 Voile du Bout du Monde"},"image":{"@id":"https:\/\/charavoileduboutdumonde.com\/#\/schema\/logo\/image\/"},"sameAs":["https:\/\/www.facebook.com\/charavoileduboutdumonde\/","https:\/\/www.instagram.com\/charavoileduboutdumonde\/","https:\/\/www.youtube.com\/channel\/UC6oaDP9kS6oN_ZL61EhoDKw\/"]}]}},"_links":{"self":[{"href":"https:\/\/charavoileduboutdumonde.com\/en\/wp-json\/wp\/v2\/pages\/21","targetHints":{"allow":["GET"]}}],"collection":[{"href":"https:\/\/charavoileduboutdumonde.com\/en\/wp-json\/wp\/v2\/pages"}],"about":[{"href":"https:\/\/charavoileduboutdumonde.com\/en\/wp-json\/wp\/v2\/types\/page"}],"author":[{"embeddable":true,"href":"https:\/\/charavoileduboutdumonde.com\/en\/wp-json\/wp\/v2\/users\/1"}],"replies":[{"embeddable":true,"href":"https:\/\/charavoileduboutdumonde.com\/en\/wp-json\/wp\/v2\/comments?post=21"}],"version-history":[{"count":17,"href":"https:\/\/charavoileduboutdumonde.com\/en\/wp-json\/wp\/v2\/pages\/21\/revisions"}],"predecessor-version":[{"id":2692,"href":"https:\/\/charavoileduboutdumonde.com\/en\/wp-json\/wp\/v2\/pages\/21\/revisions\/2692"}],"wp:attachment":[{"href":"https:\/\/charavoileduboutdumonde.com\/en\/wp-json\/wp\/v2\/media?parent=21"}],"curies":[{"name":"wp","href":"https:\/\/api.w.org\/{rel}","templated":true}]}}