{"id":2579,"date":"2024-11-18T22:19:39","date_gmt":"2024-11-18T21:19:39","guid":{"rendered":"https:\/\/charavoileduboutdumonde.com\/?page_id=2579"},"modified":"2024-11-21T22:09:31","modified_gmt":"2024-11-21T21:09:31","slug":"plage-de-kersiguenou-crozon","status":"publish","type":"page","link":"https:\/\/charavoileduboutdumonde.com\/en\/plage-de-kersiguenou-crozon\/","title":{"rendered":"BEACH OF GOULIEN\/KERSIGUENOU"},"content":{"rendered":"<div data-elementor-type=\"wp-page\" data-elementor-id=\"2579\" class=\"elementor elementor-2579\" data-elementor-settings=\"[]\">\n\t\t\t<div class=\"elementor-inner\">\n\t\t\t\t<div class=\"elementor-section-wrap\">\n\t\t\t\t\t\t\t<section class=\"elementor-element elementor-element-ec3c178 elementor-section-boxed elementor-section-height-default elementor-section-height-default elementor-section elementor-top-section\" data-id=\"ec3c178\" data-element_type=\"section\">\n\t\t\t\t\t\t<div class=\"elementor-container elementor-column-gap-default\">\n\t\t\t\t<div class=\"elementor-row\">\n\t\t\t\t<div class=\"elementor-element elementor-element-4b49a8a elementor-column elementor-col-100 elementor-top-column\" data-id=\"4b49a8a\" data-element_type=\"column\">\n\t\t\t<div class=\"elementor-column-wrap  elementor-element-populated\">\n\t\t\t\t\t<div class=\"elementor-widget-wrap\">\n\t\t\t\t<div class=\"elementor-element elementor-element-3aeb1e1 elementor-widget elementor-widget-heading\" data-id=\"3aeb1e1\" data-element_type=\"widget\" data-widget_type=\"heading.default\">\n\t\t\t\t<div class=\"elementor-widget-container\">\n\t\t\t<h2 class=\"elementor-heading-title elementor-size-default\">The Anse de Dinan <\/h2>\t\t<\/div>\n\t\t\t\t<\/div>\n\t\t\t\t<div class=\"elementor-element elementor-element-3e8e84a elementor-widget elementor-widget-text-editor\" data-id=\"3e8e84a\" data-element_type=\"widget\" data-widget_type=\"text-editor.default\">\n\t\t\t\t<div class=\"elementor-widget-container\">\n\t\t\t\t\t<div class=\"elementor-text-editor elementor-clearfix\"><p><span style=\"font-size: 12pt; font-family: verdana, geneva, sans-serif; color: #808080;\">Sur la <a style=\"color: #808080;\" href=\"https:\/\/www.crozon-tourisme.bzh\/\">On the Crozon Peninsula,<\/a>there is a cove opening onto the ocean, called Anse de Dinan. There, you will find a beautiful, long beach that provides an ideal spot for land sailing and surfing.<\/span><\/p><\/div>\n\t\t\t\t<\/div>\n\t\t\t\t<\/div>\n\t\t\t\t<div class=\"elementor-element elementor-element-5bd731a elementor-widget elementor-widget-gallery\" data-id=\"5bd731a\" data-element_type=\"widget\" data-settings=\"{&quot;columns&quot;:3,&quot;lazyload&quot;:&quot;yes&quot;,&quot;gallery_layout&quot;:&quot;grid&quot;,&quot;columns_tablet&quot;:2,&quot;columns_mobile&quot;:1,&quot;gap&quot;:{&quot;unit&quot;:&quot;px&quot;,&quot;size&quot;:10,&quot;sizes&quot;:[]},&quot;gap_tablet&quot;:{&quot;unit&quot;:&quot;px&quot;,&quot;size&quot;:10,&quot;sizes&quot;:[]},&quot;gap_mobile&quot;:{&quot;unit&quot;:&quot;px&quot;,&quot;size&quot;:10,&quot;sizes&quot;:[]},&quot;link_to&quot;:&quot;file&quot;,&quot;aspect_ratio&quot;:&quot;3:2&quot;,&quot;overlay_background&quot;:&quot;yes&quot;,&quot;content_hover_animation&quot;:&quot;fade-in&quot;}\" data-widget_type=\"gallery.default\">\n\t\t\t\t<div class=\"elementor-widget-container\">\n\t\t\t\t\t<div class=\"elementor-gallery__container\">\n\t\t\t\t\t\t\t<a class=\"e-gallery-item elementor-gallery-item elementor-animated-content\" href=\"https:\/\/charavoileduboutdumonde.com\/wp-content\/uploads\/2024\/11\/Kersi-1-1.png\" data-elementor-open-lightbox=\"yes\" data-elementor-lightbox-slideshow=\"all-5bd731a\" data-elementor-lightbox-title=\"Kersi 1\">\n\t\t\t\t\t<div class=\"e-gallery-image elementor-gallery-item__image\" data-thumbnail=\"https:\/\/charavoileduboutdumonde.com\/wp-content\/uploads\/2024\/11\/Kersi-1-1-300x139.png\" data-width=\"300\" data-height=\"139\" alt=\"\" ><\/div>\n\t\t\t\t\t\t\t\t\t\t<div class=\"elementor-gallery-item__overlay\"><\/div>\n\t\t\t\t\t\t\t\t\t\t\t\t\t\t<\/a>\n\t\t\t\t\t\t\t<a class=\"e-gallery-item elementor-gallery-item elementor-animated-content\" href=\"https:\/\/charavoileduboutdumonde.com\/wp-content\/uploads\/2024\/11\/Kersi-2-1-scaled.jpg\" data-elementor-open-lightbox=\"yes\" data-elementor-lightbox-slideshow=\"all-5bd731a\" data-elementor-lightbox-title=\"Kersi 2\">\n\t\t\t\t\t<div class=\"e-gallery-image elementor-gallery-item__image\" data-thumbnail=\"https:\/\/charavoileduboutdumonde.com\/wp-content\/uploads\/2024\/11\/Kersi-2-1-300x225.jpg\" data-width=\"300\" data-height=\"225\" alt=\"\" ><\/div>\n\t\t\t\t\t\t\t\t\t\t<div class=\"elementor-gallery-item__overlay\"><\/div>\n\t\t\t\t\t\t\t\t\t\t\t\t\t\t<\/a>\n\t\t\t\t\t\t\t<a class=\"e-gallery-item elementor-gallery-item elementor-animated-content\" href=\"https:\/\/charavoileduboutdumonde.com\/wp-content\/uploads\/2024\/11\/Kersi-3-scaled.jpg\" data-elementor-open-lightbox=\"yes\" data-elementor-lightbox-slideshow=\"all-5bd731a\" data-elementor-lightbox-title=\"Kersi 3\">\n\t\t\t\t\t<div class=\"e-gallery-image elementor-gallery-item__image\" data-thumbnail=\"https:\/\/charavoileduboutdumonde.com\/wp-content\/uploads\/2024\/11\/Kersi-3-300x225.jpg\" data-width=\"300\" data-height=\"225\" alt=\"\" ><\/div>\n\t\t\t\t\t\t\t\t\t\t<div class=\"elementor-gallery-item__overlay\"><\/div>\n\t\t\t\t\t\t\t\t\t\t\t\t\t\t<\/a>\n\t\t\t\t\t\t\t<a class=\"e-gallery-item elementor-gallery-item elementor-animated-content\" href=\"https:\/\/charavoileduboutdumonde.com\/wp-content\/uploads\/2024\/11\/Kersi-4-scaled.jpg\" data-elementor-open-lightbox=\"yes\" data-elementor-lightbox-slideshow=\"all-5bd731a\" data-elementor-lightbox-title=\"Kersi 4\">\n\t\t\t\t\t<div class=\"e-gallery-image elementor-gallery-item__image\" data-thumbnail=\"https:\/\/charavoileduboutdumonde.com\/wp-content\/uploads\/2024\/11\/Kersi-4-300x225.jpg\" data-width=\"300\" data-height=\"225\" alt=\"\" ><\/div>\n\t\t\t\t\t\t\t\t\t\t<div class=\"elementor-gallery-item__overlay\"><\/div>\n\t\t\t\t\t\t\t\t\t\t\t\t\t\t<\/a>\n\t\t\t\t\t\t\t<a class=\"e-gallery-item elementor-gallery-item elementor-animated-content\" href=\"https:\/\/charavoileduboutdumonde.com\/wp-content\/uploads\/2024\/11\/photo-Kersi-illustration-scaled.jpg\" data-elementor-open-lightbox=\"yes\" data-elementor-lightbox-slideshow=\"all-5bd731a\" data-elementor-lightbox-title=\"photo Kersi illustration\">\n\t\t\t\t\t<div class=\"e-gallery-image elementor-gallery-item__image\" data-thumbnail=\"https:\/\/charavoileduboutdumonde.com\/wp-content\/uploads\/2024\/11\/photo-Kersi-illustration-300x225.jpg\" data-width=\"300\" data-height=\"225\" alt=\"\" ><\/div>\n\t\t\t\t\t\t\t\t\t\t<div class=\"elementor-gallery-item__overlay\"><\/div>\n\t\t\t\t\t\t\t\t\t\t\t\t\t\t<\/a>\n\t\t\t\t\t\t\t<a class=\"e-gallery-item elementor-gallery-item elementor-animated-content\" href=\"https:\/\/charavoileduboutdumonde.com\/wp-content\/uploads\/2024\/11\/Kersi-4.png\" data-elementor-open-lightbox=\"yes\" data-elementor-lightbox-slideshow=\"all-5bd731a\" data-elementor-lightbox-title=\"Kersi 4\">\n\t\t\t\t\t<div class=\"e-gallery-image elementor-gallery-item__image\" data-thumbnail=\"https:\/\/charavoileduboutdumonde.com\/wp-content\/uploads\/2024\/11\/Kersi-4-300x198.png\" data-width=\"300\" data-height=\"198\" alt=\"\" ><\/div>\n\t\t\t\t\t\t\t\t\t\t<div class=\"elementor-gallery-item__overlay\"><\/div>\n\t\t\t\t\t\t\t\t\t\t\t\t\t\t<\/a>\n\t\t\t\t\t<\/div>\n\t\t\t<\/div>\n\t\t\t\t<\/div>\n\t\t\t\t<div class=\"elementor-element elementor-element-51166de elementor-widget elementor-widget-text-editor\" data-id=\"51166de\" data-element_type=\"widget\" data-widget_type=\"text-editor.default\">\n\t\t\t\t<div class=\"elementor-widget-container\">\n\t\t\t\t\t<div class=\"elementor-text-editor elementor-clearfix\"><p><span style=\"font-family: verdana, geneva, sans-serif;\">Right in the heart of this stunning stretch of sand, on <a href=\"https:\/\/www.crozon-tourisme.bzh\/activite\/plage-de-kersiguenou\/\">Kersigu\u00e9nou beach in Crozon <\/a>, the \"char \u00e0 voile du bout du monde\" school offers discovery sessions.<\/span><\/p><p><span style=\"font-family: verdana, geneva, sans-serif;\">We have a dedicated area with a marked course for sandsailing, ensuring a safe experience.<\/span><\/p><p><span style=\"font-family: verdana, geneva, sans-serif;\">There are no buldings or restrooms on site. You are in the heart of nature.<\/span><\/p><\/div>\n\t\t\t\t<\/div>\n\t\t\t\t<\/div>\n\t\t\t\t<div class=\"elementor-element elementor-element-48cbf15 elementor-widget elementor-widget-image\" data-id=\"48cbf15\" data-element_type=\"widget\" data-widget_type=\"image.default\">\n\t\t\t\t<div class=\"elementor-widget-container\">\n\t\t\t\t\t<div class=\"elementor-image\">\n\t\t\t\t\t\t\t\t\t\t<img loading=\"lazy\" decoding=\"async\" width=\"2560\" height=\"1920\" src=\"https:\/\/charavoileduboutdumonde.com\/wp-content\/uploads\/2024\/11\/photo-Kersi-illustration-scaled.jpg\" class=\"attachment-full size-full\" alt=\"\" srcset=\"https:\/\/charavoileduboutdumonde.com\/wp-content\/uploads\/2024\/11\/photo-Kersi-illustration-scaled.jpg 2560w, https:\/\/charavoileduboutdumonde.com\/wp-content\/uploads\/2024\/11\/photo-Kersi-illustration-300x225.jpg 300w, https:\/\/charavoileduboutdumonde.com\/wp-content\/uploads\/2024\/11\/photo-Kersi-illustration-1024x768.jpg 1024w, https:\/\/charavoileduboutdumonde.com\/wp-content\/uploads\/2024\/11\/photo-Kersi-illustration-768x576.jpg 768w, https:\/\/charavoileduboutdumonde.com\/wp-content\/uploads\/2024\/11\/photo-Kersi-illustration-1536x1152.jpg 1536w, https:\/\/charavoileduboutdumonde.com\/wp-content\/uploads\/2024\/11\/photo-Kersi-illustration-2048x1536.jpg 2048w, https:\/\/charavoileduboutdumonde.com\/wp-content\/uploads\/2024\/11\/photo-Kersi-illustration-1200x900.jpg 1200w, https:\/\/charavoileduboutdumonde.com\/wp-content\/uploads\/2024\/11\/photo-Kersi-illustration-1980x1485.jpg 1980w\" sizes=\"auto, (max-width: 2560px) 100vw, 2560px\" \/>\t\t\t\t\t\t\t\t\t\t\t<\/div>\n\t\t\t\t<\/div>\n\t\t\t\t<\/div>\n\t\t\t\t<div class=\"elementor-element elementor-element-2144d43 elementor-widget elementor-widget-image\" data-id=\"2144d43\" data-element_type=\"widget\" data-widget_type=\"image.default\">\n\t\t\t\t<div class=\"elementor-widget-container\">\n\t\t\t\t\t<div class=\"elementor-image\">\n\t\t\t\t\t\t\t\t\t\t<img loading=\"lazy\" decoding=\"async\" width=\"945\" height=\"710\" src=\"https:\/\/charavoileduboutdumonde.com\/wp-content\/uploads\/2024\/11\/plan-de-situation-Kersiguenou-copie.jpg\" class=\"attachment-full size-full\" alt=\"\" srcset=\"https:\/\/charavoileduboutdumonde.com\/wp-content\/uploads\/2024\/11\/plan-de-situation-Kersiguenou-copie.jpg 945w, https:\/\/charavoileduboutdumonde.com\/wp-content\/uploads\/2024\/11\/plan-de-situation-Kersiguenou-copie-300x225.jpg 300w, https:\/\/charavoileduboutdumonde.com\/wp-content\/uploads\/2024\/11\/plan-de-situation-Kersiguenou-copie-768x577.jpg 768w\" sizes=\"auto, (max-width: 945px) 100vw, 945px\" \/>\t\t\t\t\t\t\t\t\t\t\t<\/div>\n\t\t\t\t<\/div>\n\t\t\t\t<\/div>\n\t\t\t\t<div class=\"elementor-element elementor-element-3525322 elementor-widget elementor-widget-google_maps\" data-id=\"3525322\" data-element_type=\"widget\" data-widget_type=\"google_maps.default\">\n\t\t\t\t<div class=\"elementor-widget-container\">\n\t\t\t<div class=\"elementor-custom-embed\"><iframe frameborder=\"0\" scrolling=\"no\" marginheight=\"0\" marginwidth=\"0\" src=\"https:\/\/maps.google.com\/maps?q=plage%20de%20kersiguenou&amp;t=m&amp;z=12&amp;output=embed&amp;iwloc=near\" aria-label=\"plage de kersiguenou\"><\/iframe><\/div>\t\t<\/div>\n\t\t\t\t<\/div>\n\t\t\t\t<div class=\"elementor-element elementor-element-521a6e9 elementor-widget elementor-widget-text-editor\" data-id=\"521a6e9\" data-element_type=\"widget\" data-widget_type=\"text-editor.default\">\n\t\t\t\t<div class=\"elementor-widget-container\">\n\t\t\t\t\t<div class=\"elementor-text-editor elementor-clearfix\"><p style=\"text-align: center;\"><strong><span style=\"font-family: verdana, geneva, sans-serif;\">The beach is very busy in summer. The parking area is several hundred metres away, so we recommend planning your trip in advance.<\/span><\/strong><\/p><p style=\"text-align: center;\"><span style=\"text-decoration: underline;\"><span style=\"font-family: verdana, geneva, sans-serif;\">Please arrive at least 10 minutes before your session.<\/span><\/span><\/p><\/div>\n\t\t\t\t<\/div>\n\t\t\t\t<\/div>\n\t\t\t\t<div class=\"elementor-element elementor-element-c02b263 elementor-widget elementor-widget-heading\" data-id=\"c02b263\" data-element_type=\"widget\" data-widget_type=\"heading.default\">\n\t\t\t\t<div class=\"elementor-widget-container\">\n\t\t\t<h4 class=\"elementor-heading-title elementor-size-default\">Choose sustainable mobility - come by bike !<\/h4>\t\t<\/div>\n\t\t\t\t<\/div>\n\t\t\t\t<div class=\"elementor-element elementor-element-c40e2fc elementor-widget elementor-widget-text-editor\" data-id=\"c40e2fc\" data-element_type=\"widget\" data-widget_type=\"text-editor.default\">\n\t\t\t\t<div class=\"elementor-widget-container\">\n\t\t\t\t\t<div class=\"elementor-text-editor elementor-clearfix\"><p style=\"text-align: center;\"><span style=\"font-family: verdana, geneva, sans-serif;\">You can easily reach us by bike from Crozon, Camaret, Telgruc, or Lanveoc. <a href=\"https:\/\/www.crozon.bzh\/mobilites-douce\/la-carte-de-crozon-des-mobilites-douces\/\">The V6 greenway<\/a> allows you to avoid heavy traffic, especially in the summer, while enjoying breathtaking landscapes.<\/span><\/p><p style=\"text-align: center;\"><span style=\"font-family: verdana, geneva, sans-serif;\">It's a safe route, even when cycling with children.<\/span><\/p><\/div>\n\t\t\t\t<\/div>\n\t\t\t\t<\/div>\n\t\t\t\t<div class=\"elementor-element elementor-element-6f1cc57 elementor-widget elementor-widget-heading\" data-id=\"6f1cc57\" data-element_type=\"widget\" data-widget_type=\"heading.default\">\n\t\t\t\t<div class=\"elementor-widget-container\">\n\t\t\t<h4 class=\"elementor-heading-title elementor-size-default\">Important note...<\/h4>\t\t<\/div>\n\t\t\t\t<\/div>\n\t\t\t\t<div class=\"elementor-element elementor-element-e08b5d5 elementor-widget elementor-widget-text-editor\" data-id=\"e08b5d5\" data-element_type=\"widget\" data-widget_type=\"text-editor.default\">\n\t\t\t\t<div class=\"elementor-widget-container\">\n\t\t\t\t\t<div class=\"elementor-text-editor elementor-clearfix\"><p style=\"text-align: center;\"><strong><span style=\"font-family: verdana, geneva, sans-serif;\">Our office is located <a href=\"https:\/\/charavoileduboutdumonde.com\/en\/le-spot\/\">at Lestrevet beach in Plomodiern<\/a>So, if there is no scheduled session on the online calendar, there is no need to go to the Kersigu\u00e9nou spot. <a href=\"https:\/\/charavoileduboutdumonde.com\/en\/reservations-plage-de-kersiguenou-crozon\/\">planning en ligne<\/a>.<\/span><\/strong><\/p><\/div>\n\t\t\t\t<\/div>\n\t\t\t\t<\/div>\n\t\t\t\t\t\t<\/div>\n\t\t\t<\/div>\n\t\t<\/div>\n\t\t\t\t\t\t<\/div>\n\t\t\t<\/div>\n\t\t<\/section>\n\t\t\t\t\t\t<\/div>\n\t\t\t<\/div>\n\t\t<\/div>","protected":false},"excerpt":{"rendered":"<p>L&rsquo;anse de Dinan Sur la presqu\u2019\u00eele de Crozon, il existe une anse s&rsquo;ouvrant sur l&rsquo;oc\u00e9an. Son nom, l&rsquo;anse de Dinan. Vous y trouverez une belle et longue plage offrant un site de pratique id\u00e9al pour le char \u00e0 voile et le surf. C&rsquo;est en plein coeur de cette fabuleuse \u00e9tendue de sable, plage de Kersigu\u00e9nou [&hellip;]<\/p>","protected":false},"author":2,"featured_media":0,"parent":0,"menu_order":0,"comment_status":"closed","ping_status":"closed","template":"","meta":{"inline_featured_image":false,"footnotes":""},"class_list":["post-2579","page","type-page","status-publish","hentry"],"yoast_head":"<!-- This site is optimized with the Yoast SEO plugin v27.5 - https:\/\/yoast.com\/product\/yoast-seo-wordpress\/ -->\n<title>PLAGE DE GOULIEN\/KERSIGUENOU - CROZON - Char \u00e0 Voile du Bout du Monde<\/title>\n<meta name=\"robots\" content=\"index, follow, max-snippet:-1, max-image-preview:large, max-video-preview:-1\" \/>\n<link rel=\"canonical\" href=\"https:\/\/charavoileduboutdumonde.com\/en\/plage-de-kersiguenou-crozon\/\" \/>\n<meta property=\"og:locale\" content=\"en_GB\" \/>\n<meta property=\"og:type\" content=\"article\" \/>\n<meta property=\"og:title\" content=\"PLAGE DE GOULIEN\/KERSIGUENOU - CROZON - Char \u00e0 Voile du Bout du Monde\" \/>\n<meta property=\"og:description\" content=\"L&rsquo;anse de Dinan Sur la presqu\u2019\u00eele de Crozon, il existe une anse s&rsquo;ouvrant sur l&rsquo;oc\u00e9an. Son nom, l&rsquo;anse de Dinan. Vous y trouverez une belle et longue plage offrant un site de pratique id\u00e9al pour le char \u00e0 voile et le surf. C&rsquo;est en plein coeur de cette fabuleuse \u00e9tendue de sable, plage de Kersigu\u00e9nou [&hellip;]\" \/>\n<meta property=\"og:url\" content=\"https:\/\/charavoileduboutdumonde.com\/en\/plage-de-kersiguenou-crozon\/\" \/>\n<meta property=\"og:site_name\" content=\"Char \u00e0 Voile du Bout du Monde\" \/>\n<meta property=\"article:publisher\" content=\"https:\/\/www.facebook.com\/charavoileduboutdumonde\/\" \/>\n<meta property=\"article:modified_time\" content=\"2024-11-21T21:09:31+00:00\" \/>\n<meta property=\"og:image\" content=\"http:\/\/charavoileduboutdumonde.com\/wp-content\/uploads\/2024\/11\/photo-Kersi-illustration-scaled.jpg\" \/>\n<meta name=\"twitter:card\" content=\"summary_large_image\" \/>\n<meta name=\"twitter:label1\" content=\"Estimated reading time\" \/>\n\t<meta name=\"twitter:data1\" content=\"2 minutes\" \/>\n<script type=\"application\/ld+json\" class=\"yoast-schema-graph\">{\"@context\":\"https:\\\/\\\/schema.org\",\"@graph\":[{\"@type\":\"WebPage\",\"@id\":\"https:\\\/\\\/charavoileduboutdumonde.com\\\/plage-de-kersiguenou-crozon\\\/\",\"url\":\"https:\\\/\\\/charavoileduboutdumonde.com\\\/plage-de-kersiguenou-crozon\\\/\",\"name\":\"PLAGE DE GOULIEN\\\/KERSIGUENOU - CROZON - Char \u00e0 Voile du Bout du Monde\",\"isPartOf\":{\"@id\":\"https:\\\/\\\/charavoileduboutdumonde.com\\\/#website\"},\"primaryImageOfPage\":{\"@id\":\"https:\\\/\\\/charavoileduboutdumonde.com\\\/plage-de-kersiguenou-crozon\\\/#primaryimage\"},\"image\":{\"@id\":\"https:\\\/\\\/charavoileduboutdumonde.com\\\/plage-de-kersiguenou-crozon\\\/#primaryimage\"},\"thumbnailUrl\":\"http:\\\/\\\/charavoileduboutdumonde.com\\\/wp-content\\\/uploads\\\/2024\\\/11\\\/photo-Kersi-illustration-scaled.jpg\",\"datePublished\":\"2024-11-18T21:19:39+00:00\",\"dateModified\":\"2024-11-21T21:09:31+00:00\",\"breadcrumb\":{\"@id\":\"https:\\\/\\\/charavoileduboutdumonde.com\\\/plage-de-kersiguenou-crozon\\\/#breadcrumb\"},\"inLanguage\":\"en-GB\",\"potentialAction\":[{\"@type\":\"ReadAction\",\"target\":[\"https:\\\/\\\/charavoileduboutdumonde.com\\\/plage-de-kersiguenou-crozon\\\/\"]}]},{\"@type\":\"ImageObject\",\"inLanguage\":\"en-GB\",\"@id\":\"https:\\\/\\\/charavoileduboutdumonde.com\\\/plage-de-kersiguenou-crozon\\\/#primaryimage\",\"url\":\"http:\\\/\\\/charavoileduboutdumonde.com\\\/wp-content\\\/uploads\\\/2024\\\/11\\\/photo-Kersi-illustration-scaled.jpg\",\"contentUrl\":\"http:\\\/\\\/charavoileduboutdumonde.com\\\/wp-content\\\/uploads\\\/2024\\\/11\\\/photo-Kersi-illustration-scaled.jpg\"},{\"@type\":\"BreadcrumbList\",\"@id\":\"https:\\\/\\\/charavoileduboutdumonde.com\\\/plage-de-kersiguenou-crozon\\\/#breadcrumb\",\"itemListElement\":[{\"@type\":\"ListItem\",\"position\":1,\"name\":\"Accueil\",\"item\":\"https:\\\/\\\/charavoileduboutdumonde.com\\\/\"},{\"@type\":\"ListItem\",\"position\":2,\"name\":\"PLAGE DE GOULIEN\\\/KERSIGUENOU &#8211; CROZON\"}]},{\"@type\":\"WebSite\",\"@id\":\"https:\\\/\\\/charavoileduboutdumonde.com\\\/#website\",\"url\":\"https:\\\/\\\/charavoileduboutdumonde.com\\\/\",\"name\":\"Char \u00e0 Voile du Bout du Monde\",\"description\":\"Char \u00e0 Voile du Bout du Monde - Char \u00e0 voile de loisir en Finist\u00e8re, Bretagne\",\"publisher\":{\"@id\":\"https:\\\/\\\/charavoileduboutdumonde.com\\\/#organization\"},\"potentialAction\":[{\"@type\":\"SearchAction\",\"target\":{\"@type\":\"EntryPoint\",\"urlTemplate\":\"https:\\\/\\\/charavoileduboutdumonde.com\\\/?s={search_term_string}\"},\"query-input\":{\"@type\":\"PropertyValueSpecification\",\"valueRequired\":true,\"valueName\":\"search_term_string\"}}],\"inLanguage\":\"en-GB\"},{\"@type\":\"Organization\",\"@id\":\"https:\\\/\\\/charavoileduboutdumonde.com\\\/#organization\",\"name\":\"Char \u00e0 Voile du Bout du Monde\",\"url\":\"https:\\\/\\\/charavoileduboutdumonde.com\\\/\",\"logo\":{\"@type\":\"ImageObject\",\"inLanguage\":\"en-GB\",\"@id\":\"https:\\\/\\\/charavoileduboutdumonde.com\\\/#\\\/schema\\\/logo\\\/image\\\/\",\"url\":\"https:\\\/\\\/charavoileduboutdumonde.com\\\/wp-content\\\/uploads\\\/2020\\\/05\\\/logoheader.png\",\"contentUrl\":\"https:\\\/\\\/charavoileduboutdumonde.com\\\/wp-content\\\/uploads\\\/2020\\\/05\\\/logoheader.png\",\"width\":249,\"height\":80,\"caption\":\"Char \u00e0 Voile du Bout du Monde\"},\"image\":{\"@id\":\"https:\\\/\\\/charavoileduboutdumonde.com\\\/#\\\/schema\\\/logo\\\/image\\\/\"},\"sameAs\":[\"https:\\\/\\\/www.facebook.com\\\/charavoileduboutdumonde\\\/\",\"https:\\\/\\\/www.instagram.com\\\/charavoileduboutdumonde\\\/\",\"https:\\\/\\\/www.youtube.com\\\/channel\\\/UC6oaDP9kS6oN_ZL61EhoDKw\\\/\"]}]}<\/script>\n<!-- \/ Yoast SEO plugin. -->","yoast_head_json":{"title":"PLAGE DE GOULIEN\/KERSIGUENOU - CROZON - Char \u00e0 Voile du Bout du Monde","robots":{"index":"index","follow":"follow","max-snippet":"max-snippet:-1","max-image-preview":"max-image-preview:large","max-video-preview":"max-video-preview:-1"},"canonical":"https:\/\/charavoileduboutdumonde.com\/en\/plage-de-kersiguenou-crozon\/","og_locale":"en_GB","og_type":"article","og_title":"PLAGE DE GOULIEN\/KERSIGUENOU - CROZON - Char \u00e0 Voile du Bout du Monde","og_description":"L&rsquo;anse de Dinan Sur la presqu\u2019\u00eele de Crozon, il existe une anse s&rsquo;ouvrant sur l&rsquo;oc\u00e9an. Son nom, l&rsquo;anse de Dinan. Vous y trouverez une belle et longue plage offrant un site de pratique id\u00e9al pour le char \u00e0 voile et le surf. C&rsquo;est en plein coeur de cette fabuleuse \u00e9tendue de sable, plage de Kersigu\u00e9nou [&hellip;]","og_url":"https:\/\/charavoileduboutdumonde.com\/en\/plage-de-kersiguenou-crozon\/","og_site_name":"Char \u00e0 Voile du Bout du Monde","article_publisher":"https:\/\/www.facebook.com\/charavoileduboutdumonde\/","article_modified_time":"2024-11-21T21:09:31+00:00","og_image":[{"url":"http:\/\/charavoileduboutdumonde.com\/wp-content\/uploads\/2024\/11\/photo-Kersi-illustration-scaled.jpg","type":"","width":"","height":""}],"twitter_card":"summary_large_image","twitter_misc":{"Estimated reading time":"2 minutes"},"schema":{"@context":"https:\/\/schema.org","@graph":[{"@type":"WebPage","@id":"https:\/\/charavoileduboutdumonde.com\/plage-de-kersiguenou-crozon\/","url":"https:\/\/charavoileduboutdumonde.com\/plage-de-kersiguenou-crozon\/","name":"PLAGE DE GOULIEN\/KERSIGUENOU - CROZON - Char \u00e0 Voile du Bout du Monde","isPartOf":{"@id":"https:\/\/charavoileduboutdumonde.com\/#website"},"primaryImageOfPage":{"@id":"https:\/\/charavoileduboutdumonde.com\/plage-de-kersiguenou-crozon\/#primaryimage"},"image":{"@id":"https:\/\/charavoileduboutdumonde.com\/plage-de-kersiguenou-crozon\/#primaryimage"},"thumbnailUrl":"http:\/\/charavoileduboutdumonde.com\/wp-content\/uploads\/2024\/11\/photo-Kersi-illustration-scaled.jpg","datePublished":"2024-11-18T21:19:39+00:00","dateModified":"2024-11-21T21:09:31+00:00","breadcrumb":{"@id":"https:\/\/charavoileduboutdumonde.com\/plage-de-kersiguenou-crozon\/#breadcrumb"},"inLanguage":"en-GB","potentialAction":[{"@type":"ReadAction","target":["https:\/\/charavoileduboutdumonde.com\/plage-de-kersiguenou-crozon\/"]}]},{"@type":"ImageObject","inLanguage":"en-GB","@id":"https:\/\/charavoileduboutdumonde.com\/plage-de-kersiguenou-crozon\/#primaryimage","url":"http:\/\/charavoileduboutdumonde.com\/wp-content\/uploads\/2024\/11\/photo-Kersi-illustration-scaled.jpg","contentUrl":"http:\/\/charavoileduboutdumonde.com\/wp-content\/uploads\/2024\/11\/photo-Kersi-illustration-scaled.jpg"},{"@type":"BreadcrumbList","@id":"https:\/\/charavoileduboutdumonde.com\/plage-de-kersiguenou-crozon\/#breadcrumb","itemListElement":[{"@type":"ListItem","position":1,"name":"Accueil","item":"https:\/\/charavoileduboutdumonde.com\/"},{"@type":"ListItem","position":2,"name":"PLAGE DE GOULIEN\/KERSIGUENOU &#8211; CROZON"}]},{"@type":"WebSite","@id":"https:\/\/charavoileduboutdumonde.com\/#website","url":"https:\/\/charavoileduboutdumonde.com\/","name":"Char \u00e0 Voile du Bout du Monde","description":"Char \u00e0 Voile du Bout du Monde - Char \u00e0 voile de loisir en Finist\u00e8re, Bretagne","publisher":{"@id":"https:\/\/charavoileduboutdumonde.com\/#organization"},"potentialAction":[{"@type":"SearchAction","target":{"@type":"EntryPoint","urlTemplate":"https:\/\/charavoileduboutdumonde.com\/?s={search_term_string}"},"query-input":{"@type":"PropertyValueSpecification","valueRequired":true,"valueName":"search_term_string"}}],"inLanguage":"en-GB"},{"@type":"Organization","@id":"https:\/\/charavoileduboutdumonde.com\/#organization","name":"Char \u00e0 Voile du Bout du Monde","url":"https:\/\/charavoileduboutdumonde.com\/","logo":{"@type":"ImageObject","inLanguage":"en-GB","@id":"https:\/\/charavoileduboutdumonde.com\/#\/schema\/logo\/image\/","url":"https:\/\/charavoileduboutdumonde.com\/wp-content\/uploads\/2020\/05\/logoheader.png","contentUrl":"https:\/\/charavoileduboutdumonde.com\/wp-content\/uploads\/2020\/05\/logoheader.png","width":249,"height":80,"caption":"Char \u00e0 Voile du Bout du Monde"},"image":{"@id":"https:\/\/charavoileduboutdumonde.com\/#\/schema\/logo\/image\/"},"sameAs":["https:\/\/www.facebook.com\/charavoileduboutdumonde\/","https:\/\/www.instagram.com\/charavoileduboutdumonde\/","https:\/\/www.youtube.com\/channel\/UC6oaDP9kS6oN_ZL61EhoDKw\/"]}]}},"_links":{"self":[{"href":"https:\/\/charavoileduboutdumonde.com\/en\/wp-json\/wp\/v2\/pages\/2579","targetHints":{"allow":["GET"]}}],"collection":[{"href":"https:\/\/charavoileduboutdumonde.com\/en\/wp-json\/wp\/v2\/pages"}],"about":[{"href":"https:\/\/charavoileduboutdumonde.com\/en\/wp-json\/wp\/v2\/types\/page"}],"author":[{"embeddable":true,"href":"https:\/\/charavoileduboutdumonde.com\/en\/wp-json\/wp\/v2\/users\/2"}],"replies":[{"embeddable":true,"href":"https:\/\/charavoileduboutdumonde.com\/en\/wp-json\/wp\/v2\/comments?post=2579"}],"version-history":[{"count":13,"href":"https:\/\/charavoileduboutdumonde.com\/en\/wp-json\/wp\/v2\/pages\/2579\/revisions"}],"predecessor-version":[{"id":2679,"href":"https:\/\/charavoileduboutdumonde.com\/en\/wp-json\/wp\/v2\/pages\/2579\/revisions\/2679"}],"wp:attachment":[{"href":"https:\/\/charavoileduboutdumonde.com\/en\/wp-json\/wp\/v2\/media?parent=2579"}],"curies":[{"name":"wp","href":"https:\/\/api.w.org\/{rel}","templated":true}]}}