{"id":30,"date":"2020-05-03T16:54:43","date_gmt":"2020-05-03T14:54:43","guid":{"rendered":"http:\/\/munchausen.fr\/charavoileduboutdumonde\/wp\/?page_id=30"},"modified":"2025-08-06T10:09:48","modified_gmt":"2025-08-06T08:09:48","slug":"accueil","status":"publish","type":"page","link":"https:\/\/charavoileduboutdumonde.com\/en\/","title":{"rendered":"Accueil"},"content":{"rendered":"<div data-elementor-type=\"wp-page\" data-elementor-id=\"30\" class=\"elementor elementor-30\" data-elementor-settings=\"[]\">\n\t\t\t<div class=\"elementor-inner\">\n\t\t\t\t<div class=\"elementor-section-wrap\">\n\t\t\t\t\t\t\t<section class=\"elementor-element elementor-element-4e7823c elementor-section-full_width elementor-section-height-default elementor-section-height-default elementor-section elementor-top-section\" data-id=\"4e7823c\" data-element_type=\"section\" id=\"Homeslidewidthconstrain\">\n\t\t\t\t\t\t<div class=\"elementor-container elementor-column-gap-default\">\n\t\t\t\t<div class=\"elementor-row\">\n\t\t\t\t<div class=\"elementor-element elementor-element-6070d779 elementor-column elementor-col-100 elementor-top-column\" data-id=\"6070d779\" data-element_type=\"column\">\n\t\t\t<div class=\"elementor-column-wrap  elementor-element-populated\">\n\t\t\t\t\t<div class=\"elementor-widget-wrap\">\n\t\t\t\t\t\t<\/div>\n\t\t\t<\/div>\n\t\t<\/div>\n\t\t\t\t\t\t<\/div>\n\t\t\t<\/div>\n\t\t<\/section>\n\t\t\t\t<section class=\"elementor-element elementor-element-53ce6d0 elementor-section-full_width elementor-section-height-default elementor-section-height-default elementor-section elementor-top-section\" data-id=\"53ce6d0\" data-element_type=\"section\">\n\t\t\t\t\t\t<div class=\"elementor-container elementor-column-gap-default\">\n\t\t\t\t<div class=\"elementor-row\">\n\t\t\t\t<div class=\"elementor-element elementor-element-9bfa73e elementor-column elementor-col-100 elementor-top-column\" data-id=\"9bfa73e\" data-element_type=\"column\">\n\t\t\t<div class=\"elementor-column-wrap  elementor-element-populated\">\n\t\t\t\t\t<div class=\"elementor-widget-wrap\">\n\t\t\t\t<div class=\"elementor-element elementor-element-f567586 elementor-widget elementor-widget-text-editor\" data-id=\"f567586\" data-element_type=\"widget\" data-widget_type=\"text-editor.default\">\n\t\t\t\t<div class=\"elementor-widget-container\">\n\t\t\t\t\t<div class=\"elementor-text-editor elementor-clearfix\"><p style=\"text-align: center;\"><span style=\"font-family: Sev; font-size: 12pt;\">Land Sailing School \"char \u00e0 voile du bout du monde\" : with passion and experience, your instructor J\u00e9r\u00f4me introduces you to land sailing, a 100% eco-friendly activity.\nCome and enjoy the thrill ! Outdoors, close to the ground, fun is guaranteed ! Head to the bay of Douarnenez and the Crozon peninsula in Finist\u00e8re.<\/span><\/p><p style=\"text-align: center;\">\u00a0<\/p><\/div>\n\t\t\t\t<\/div>\n\t\t\t\t<\/div>\n\t\t\t\t<div class=\"elementor-element elementor-element-4c2f738 elementor-widget elementor-widget-heading\" data-id=\"4c2f738\" data-element_type=\"widget\" data-widget_type=\"heading.default\">\n\t\t\t\t<div class=\"elementor-widget-container\">\n\t\t\t<h5 class=\"elementor-heading-title elementor-size-default\"><a href=\"https:\/\/www.tourismebretagne.com\/\" title=\"Office du tourisme Bretagne\" target=\"_blank\">BRETAGNE<\/a> - <a href=\"http:\/\/www.finisteretourisme.com\/\" title=\"Office du tourisme Finist\u00e8re\" target=\"_blank\">FINIST\u00c8RE<\/a> - PLOMODIERN &amp; <a href=\"https:\/\/www.crozon-tourisme.bzh\/\" title=\"Office du tourisme Presqu'\u00eele de Crozon\" target=\"_blank\">CROZON<\/a><\/h5>\t\t<\/div>\n\t\t\t\t<\/div>\n\t\t\t\t<div class=\"elementor-element elementor-element-b25d122 elementor-widget elementor-widget-divider\" data-id=\"b25d122\" data-element_type=\"widget\" data-widget_type=\"divider.default\">\n\t\t\t\t<div class=\"elementor-widget-container\">\n\t\t\t\t\t<div class=\"elementor-divider\">\n\t\t\t<span class=\"elementor-divider-separator\">\n\t\t\t\t\t\t<\/span>\n\t\t<\/div>\n\t\t\t\t<\/div>\n\t\t\t\t<\/div>\n\t\t\t\t\t\t<\/div>\n\t\t\t<\/div>\n\t\t<\/div>\n\t\t\t\t\t\t<\/div>\n\t\t\t<\/div>\n\t\t<\/section>\n\t\t\t\t<section class=\"elementor-element elementor-element-d649674 elementor-section-boxed elementor-section-height-default elementor-section-height-default elementor-section elementor-top-section\" data-id=\"d649674\" data-element_type=\"section\">\n\t\t\t\t\t\t<div class=\"elementor-container elementor-column-gap-default\">\n\t\t\t\t<div class=\"elementor-row\">\n\t\t\t\t<div class=\"elementor-element elementor-element-757391e elementor-column elementor-col-100 elementor-top-column\" data-id=\"757391e\" data-element_type=\"column\">\n\t\t\t<div class=\"elementor-column-wrap  elementor-element-populated\">\n\t\t\t\t\t<div class=\"elementor-widget-wrap\">\n\t\t\t\t<div class=\"elementor-element elementor-element-2646194 elementor-align-center elementor-widget elementor-widget-button\" data-id=\"2646194\" data-element_type=\"widget\" data-widget_type=\"button.default\">\n\t\t\t\t<div class=\"elementor-widget-container\">\n\t\t\t\t\t<div class=\"elementor-button-wrapper\">\n\t\t\t<a href=\"https:\/\/charavoileduboutdumonde.com\/en\/choix-spot-reservation\/\" class=\"elementor-button-link elementor-button elementor-size-lg\" role=\"button\">\n\t\t\t\t\t\t<span class=\"elementor-button-content-wrapper\">\n\t\t\t\t\t\t<span class=\"elementor-button-icon elementor-align-icon-left\">\n\t\t\t\t<i aria-hidden=\"true\" class=\"far fa-bookmark\"><\/i>\t\t\t<\/span>\n\t\t\t\t\t\t<span class=\"elementor-button-text\">BOOK NOW<\/span>\n\t\t<\/span>\n\t\t\t\t\t<\/a>\n\t\t<\/div>\n\t\t\t\t<\/div>\n\t\t\t\t<\/div>\n\t\t\t\t\t\t<\/div>\n\t\t\t<\/div>\n\t\t<\/div>\n\t\t\t\t\t\t<\/div>\n\t\t\t<\/div>\n\t\t<\/section>\n\t\t\t\t<section class=\"elementor-element elementor-element-a3b0f99 elementor-section-full_width elementor-section-height-default elementor-section-height-default elementor-section elementor-top-section\" data-id=\"a3b0f99\" data-element_type=\"section\">\n\t\t\t\t\t\t<div class=\"elementor-container elementor-column-gap-default\">\n\t\t\t\t<div class=\"elementor-row\">\n\t\t\t\t<div class=\"elementor-element elementor-element-af1f6e1 elementor-column elementor-col-100 elementor-top-column\" data-id=\"af1f6e1\" data-element_type=\"column\">\n\t\t\t<div class=\"elementor-column-wrap  elementor-element-populated\">\n\t\t\t\t\t<div class=\"elementor-widget-wrap\">\n\t\t\t\t<div class=\"elementor-element elementor-element-e9c97e7 elementor-widget elementor-widget-divider\" data-id=\"e9c97e7\" data-element_type=\"widget\" data-widget_type=\"divider.default\">\n\t\t\t\t<div class=\"elementor-widget-container\">\n\t\t\t\t\t<div class=\"elementor-divider\">\n\t\t\t<span class=\"elementor-divider-separator\">\n\t\t\t\t\t\t<\/span>\n\t\t<\/div>\n\t\t\t\t<\/div>\n\t\t\t\t<\/div>\n\t\t\t\t<div class=\"elementor-element elementor-element-d73d791 elementor-widget elementor-widget-text-editor\" data-id=\"d73d791\" data-element_type=\"widget\" data-widget_type=\"text-editor.default\">\n\t\t\t\t<div class=\"elementor-widget-container\">\n\t\t\t\t\t<div class=\"elementor-text-editor elementor-clearfix\"><h5><span style=\"text-decoration: underline; color: #df5914;\"><span style=\"font-family: verdana, geneva, sans-serif;\">Latest news<\/span><\/span><\/h5><\/div>\n\t\t\t\t<\/div>\n\t\t\t\t<\/div>\n\t\t\t\t<div class=\"elementor-element elementor-element-98f2015 elementor-grid-1 elementor-grid-tablet-2 elementor-grid-mobile-1 elementor-posts--thumbnail-top elementor-widget elementor-widget-posts\" data-id=\"98f2015\" data-element_type=\"widget\" data-settings=\"{&quot;classic_columns&quot;:&quot;1&quot;,&quot;classic_columns_tablet&quot;:&quot;2&quot;,&quot;classic_columns_mobile&quot;:&quot;1&quot;,&quot;classic_row_gap&quot;:{&quot;unit&quot;:&quot;px&quot;,&quot;size&quot;:35,&quot;sizes&quot;:[]}}\" data-widget_type=\"posts.classic\">\n\t\t\t\t<div class=\"elementor-widget-container\">\n\t\t\t\t\t<div class=\"elementor-posts-container elementor-posts elementor-posts--skin-classic elementor-grid\">\n\t\t\t\t<article class=\"elementor-post elementor-grid-item post-2733 post type-post status-publish format-standard has-post-thumbnail hentry category-non-classe\">\n\t\t\t\t<a class=\"elementor-post__thumbnail__link\" href=\"https:\/\/charavoileduboutdumonde.com\/en\/bonne-annee-%f0%9f%8e%86-%f0%9f%8e%8a\/\" >\n\t\t\t<div class=\"elementor-post__thumbnail\"><img loading=\"lazy\" decoding=\"async\" width=\"1536\" height=\"1152\" src=\"https:\/\/charavoileduboutdumonde.com\/wp-content\/uploads\/2025\/01\/Voeux-2026-1536x1152.jpg\" class=\"attachment-1536x1536 size-1536x1536\" alt=\"\" srcset=\"https:\/\/charavoileduboutdumonde.com\/wp-content\/uploads\/2025\/01\/Voeux-2026-1536x1152.jpg 1536w, https:\/\/charavoileduboutdumonde.com\/wp-content\/uploads\/2025\/01\/Voeux-2026-300x225.jpg 300w, https:\/\/charavoileduboutdumonde.com\/wp-content\/uploads\/2025\/01\/Voeux-2026-1024x768.jpg 1024w, https:\/\/charavoileduboutdumonde.com\/wp-content\/uploads\/2025\/01\/Voeux-2026-768x576.jpg 768w, https:\/\/charavoileduboutdumonde.com\/wp-content\/uploads\/2025\/01\/Voeux-2026-2048x1536.jpg 2048w, https:\/\/charavoileduboutdumonde.com\/wp-content\/uploads\/2025\/01\/Voeux-2026-16x12.jpg 16w, https:\/\/charavoileduboutdumonde.com\/wp-content\/uploads\/2025\/01\/Voeux-2026-1200x900.jpg 1200w, https:\/\/charavoileduboutdumonde.com\/wp-content\/uploads\/2025\/01\/Voeux-2026-1980x1485.jpg 1980w\" sizes=\"auto, (max-width: 1536px) 100vw, 1536px\" \/><\/div>\n\t\t<\/a>\n\t\t\t\t<div class=\"elementor-post__text\">\n\t\t\t\t<h3 class=\"elementor-post__title\">\n\t\t\t<a href=\"https:\/\/charavoileduboutdumonde.com\/en\/bonne-annee-%f0%9f%8e%86-%f0%9f%8e%8a\/\" >\n\t\t\t\tBonne ann\u00e9e ! \ud83c\udf86 \ud83c\udf8a\t\t\t<\/a>\n\t\t<\/h3>\n\t\t\t\t<div class=\"elementor-post__meta-data\">\n\t\t\t\t\t<span class=\"elementor-post-date\">\n\t\t\t2 January 2026\t\t<\/span>\n\t\t\t\t<\/div>\n\t\t\t\t<div class=\"elementor-post__excerpt\">\n\t\t\t<p>Chers amis du char \u00e0 voile, alors que 2025 tire sa r\u00e9v\u00e9rence, nous tenons \u00e0 remercier chacun d&rsquo;entre vous pour votre passion et votre enthousiasme. Cette ann\u00e9e a \u00e9t\u00e9 remplie de beaux moments de glisse et de partage. Pour 2026, nous vous souhaitons des vents favorables, des sensations fortes et des moments inoubliables pour toujours plus de plaisir sur nos belles plages de Finist\u00e8re. Continuez \u00e0 suivre nos aventures et \u00e0 partager cette passion qui nous unit. Toute l&rsquo;\u00e9quipe de char \u00e0 voile du bout du monde vous souhaite une ann\u00e9e 2026 exceptionnelle. A tr\u00e8s vite !<\/p>\n\t\t<\/div>\n\t\t\t\t\t<a class=\"elementor-post__read-more\" href=\"https:\/\/charavoileduboutdumonde.com\/en\/bonne-annee-%f0%9f%8e%86-%f0%9f%8e%8a\/\" >\n\t\t\t\tEn savoir plus \u00bb\t\t\t<\/a>\n\t\t\t\t<\/div>\n\t\t\t\t<\/article>\n\t\t\t\t<\/div>\n\t\t\t\t<\/div>\n\t\t\t\t<\/div>\n\t\t\t\t\t\t<\/div>\n\t\t\t<\/div>\n\t\t<\/div>\n\t\t\t\t\t\t<\/div>\n\t\t\t<\/div>\n\t\t<\/section>\n\t\t\t\t\t\t<\/div>\n\t\t\t<\/div>\n\t\t<\/div>","protected":false},"excerpt":{"rendered":"<p>\u00c9cole de Char \u00e0 voile du bout du monde : avec passion et exp\u00e9rience, votre moniteur J\u00e9r\u00f4me vous initie au char \u00e0 voile, une activit\u00e9 100 % \u00e9cologique. Venez faire le plein de sensations ! En plein air, au ras du sol, le plaisir est garanti ! Direction la baie de Douarnenez et la presqu&rsquo;\u00eele [&hellip;]<\/p>","protected":false},"author":1,"featured_media":0,"parent":0,"menu_order":0,"comment_status":"closed","ping_status":"closed","template":"","meta":{"inline_featured_image":false,"footnotes":""},"class_list":["post-30","page","type-page","status-publish","hentry"],"yoast_head":"<!-- This site is optimized with the Yoast SEO plugin v27.5 - https:\/\/yoast.com\/product\/yoast-seo-wordpress\/ -->\n<title>Char \u00e0 Voile du Bout du Monde - \u00c9cole de Char \u00e0 voile - Bretagne<\/title>\n<meta name=\"description\" content=\"\u00c9cole de char \u00e0 voile : initiation au char \u00e0 voile avec passion, une activit\u00e9 100 % \u00e9cologique en Presqu&#039;\u00eele de Crozon, dans le Finist\u00e8re\" \/>\n<meta name=\"robots\" content=\"index, follow, max-snippet:-1, max-image-preview:large, max-video-preview:-1\" \/>\n<link rel=\"canonical\" href=\"https:\/\/charavoileduboutdumonde.com\/en\/\" \/>\n<meta property=\"og:locale\" content=\"en_GB\" \/>\n<meta property=\"og:type\" content=\"article\" \/>\n<meta property=\"og:title\" content=\"Char \u00e0 Voile du Bout du Monde - \u00c9cole de Char \u00e0 voile - Bretagne\" \/>\n<meta property=\"og:description\" content=\"\u00c9cole de char \u00e0 voile : initiation au char \u00e0 voile avec passion, une activit\u00e9 100 % \u00e9cologique en Presqu&#039;\u00eele de Crozon, dans le Finist\u00e8re\" \/>\n<meta property=\"og:url\" content=\"https:\/\/charavoileduboutdumonde.com\/en\/\" \/>\n<meta property=\"og:site_name\" content=\"Char \u00e0 Voile du Bout du Monde\" \/>\n<meta property=\"article:publisher\" content=\"https:\/\/www.facebook.com\/charavoileduboutdumonde\/\" \/>\n<meta property=\"article:modified_time\" content=\"2025-08-06T08:09:48+00:00\" \/>\n<meta name=\"twitter:card\" content=\"summary_large_image\" \/>\n<meta name=\"twitter:label1\" content=\"Estimated reading time\" \/>\n\t<meta name=\"twitter:data1\" content=\"1 minute\" \/>\n<script type=\"application\/ld+json\" class=\"yoast-schema-graph\">{\"@context\":\"https:\\\/\\\/schema.org\",\"@graph\":[{\"@type\":\"WebPage\",\"@id\":\"https:\\\/\\\/charavoileduboutdumonde.com\\\/\",\"url\":\"https:\\\/\\\/charavoileduboutdumonde.com\\\/\",\"name\":\"Char \u00e0 Voile du Bout du Monde - \u00c9cole de Char \u00e0 voile - Bretagne\",\"isPartOf\":{\"@id\":\"https:\\\/\\\/charavoileduboutdumonde.com\\\/#website\"},\"datePublished\":\"2020-05-03T14:54:43+00:00\",\"dateModified\":\"2025-08-06T08:09:48+00:00\",\"description\":\"\u00c9cole de char \u00e0 voile : initiation au char \u00e0 voile avec passion, une activit\u00e9 100 % \u00e9cologique en Presqu'\u00eele de Crozon, dans le Finist\u00e8re\",\"breadcrumb\":{\"@id\":\"https:\\\/\\\/charavoileduboutdumonde.com\\\/#breadcrumb\"},\"inLanguage\":\"en-GB\",\"potentialAction\":[{\"@type\":\"ReadAction\",\"target\":[\"https:\\\/\\\/charavoileduboutdumonde.com\\\/\"]}]},{\"@type\":\"BreadcrumbList\",\"@id\":\"https:\\\/\\\/charavoileduboutdumonde.com\\\/#breadcrumb\",\"itemListElement\":[{\"@type\":\"ListItem\",\"position\":1,\"name\":\"Accueil\",\"item\":\"https:\\\/\\\/charavoileduboutdumonde.com\\\/\"},{\"@type\":\"ListItem\",\"position\":2,\"name\":\"Accueil\"}]},{\"@type\":\"WebSite\",\"@id\":\"https:\\\/\\\/charavoileduboutdumonde.com\\\/#website\",\"url\":\"https:\\\/\\\/charavoileduboutdumonde.com\\\/\",\"name\":\"Char \u00e0 Voile du Bout du Monde\",\"description\":\"Char \u00e0 Voile du Bout du Monde - Char \u00e0 voile de loisir en Finist\u00e8re, Bretagne\",\"publisher\":{\"@id\":\"https:\\\/\\\/charavoileduboutdumonde.com\\\/#organization\"},\"potentialAction\":[{\"@type\":\"SearchAction\",\"target\":{\"@type\":\"EntryPoint\",\"urlTemplate\":\"https:\\\/\\\/charavoileduboutdumonde.com\\\/?s={search_term_string}\"},\"query-input\":{\"@type\":\"PropertyValueSpecification\",\"valueRequired\":true,\"valueName\":\"search_term_string\"}}],\"inLanguage\":\"en-GB\"},{\"@type\":\"Organization\",\"@id\":\"https:\\\/\\\/charavoileduboutdumonde.com\\\/#organization\",\"name\":\"Char \u00e0 Voile du Bout du Monde\",\"url\":\"https:\\\/\\\/charavoileduboutdumonde.com\\\/\",\"logo\":{\"@type\":\"ImageObject\",\"inLanguage\":\"en-GB\",\"@id\":\"https:\\\/\\\/charavoileduboutdumonde.com\\\/#\\\/schema\\\/logo\\\/image\\\/\",\"url\":\"https:\\\/\\\/charavoileduboutdumonde.com\\\/wp-content\\\/uploads\\\/2020\\\/05\\\/logoheader.png\",\"contentUrl\":\"https:\\\/\\\/charavoileduboutdumonde.com\\\/wp-content\\\/uploads\\\/2020\\\/05\\\/logoheader.png\",\"width\":249,\"height\":80,\"caption\":\"Char \u00e0 Voile du Bout du Monde\"},\"image\":{\"@id\":\"https:\\\/\\\/charavoileduboutdumonde.com\\\/#\\\/schema\\\/logo\\\/image\\\/\"},\"sameAs\":[\"https:\\\/\\\/www.facebook.com\\\/charavoileduboutdumonde\\\/\",\"https:\\\/\\\/www.instagram.com\\\/charavoileduboutdumonde\\\/\",\"https:\\\/\\\/www.youtube.com\\\/channel\\\/UC6oaDP9kS6oN_ZL61EhoDKw\\\/\"]}]}<\/script>\n<!-- \/ Yoast SEO plugin. -->","yoast_head_json":{"title":"Char \u00e0 Voile du Bout du Monde - \u00c9cole de Char \u00e0 voile - Bretagne","description":"\u00c9cole de char \u00e0 voile : initiation au char \u00e0 voile avec passion, une activit\u00e9 100 % \u00e9cologique en Presqu'\u00eele de Crozon, dans le Finist\u00e8re","robots":{"index":"index","follow":"follow","max-snippet":"max-snippet:-1","max-image-preview":"max-image-preview:large","max-video-preview":"max-video-preview:-1"},"canonical":"https:\/\/charavoileduboutdumonde.com\/en\/","og_locale":"en_GB","og_type":"article","og_title":"Char \u00e0 Voile du Bout du Monde - \u00c9cole de Char \u00e0 voile - Bretagne","og_description":"\u00c9cole de char \u00e0 voile : initiation au char \u00e0 voile avec passion, une activit\u00e9 100 % \u00e9cologique en Presqu'\u00eele de Crozon, dans le Finist\u00e8re","og_url":"https:\/\/charavoileduboutdumonde.com\/en\/","og_site_name":"Char \u00e0 Voile du Bout du Monde","article_publisher":"https:\/\/www.facebook.com\/charavoileduboutdumonde\/","article_modified_time":"2025-08-06T08:09:48+00:00","twitter_card":"summary_large_image","twitter_misc":{"Estimated reading time":"1 minute"},"schema":{"@context":"https:\/\/schema.org","@graph":[{"@type":"WebPage","@id":"https:\/\/charavoileduboutdumonde.com\/","url":"https:\/\/charavoileduboutdumonde.com\/","name":"Char \u00e0 Voile du Bout du Monde - \u00c9cole de Char \u00e0 voile - Bretagne","isPartOf":{"@id":"https:\/\/charavoileduboutdumonde.com\/#website"},"datePublished":"2020-05-03T14:54:43+00:00","dateModified":"2025-08-06T08:09:48+00:00","description":"\u00c9cole de char \u00e0 voile : initiation au char \u00e0 voile avec passion, une activit\u00e9 100 % \u00e9cologique en Presqu'\u00eele de Crozon, dans le Finist\u00e8re","breadcrumb":{"@id":"https:\/\/charavoileduboutdumonde.com\/#breadcrumb"},"inLanguage":"en-GB","potentialAction":[{"@type":"ReadAction","target":["https:\/\/charavoileduboutdumonde.com\/"]}]},{"@type":"BreadcrumbList","@id":"https:\/\/charavoileduboutdumonde.com\/#breadcrumb","itemListElement":[{"@type":"ListItem","position":1,"name":"Accueil","item":"https:\/\/charavoileduboutdumonde.com\/"},{"@type":"ListItem","position":2,"name":"Accueil"}]},{"@type":"WebSite","@id":"https:\/\/charavoileduboutdumonde.com\/#website","url":"https:\/\/charavoileduboutdumonde.com\/","name":"Char \u00e0 Voile du Bout du Monde","description":"Char \u00e0 Voile du Bout du Monde - Char \u00e0 voile de loisir en Finist\u00e8re, Bretagne","publisher":{"@id":"https:\/\/charavoileduboutdumonde.com\/#organization"},"potentialAction":[{"@type":"SearchAction","target":{"@type":"EntryPoint","urlTemplate":"https:\/\/charavoileduboutdumonde.com\/?s={search_term_string}"},"query-input":{"@type":"PropertyValueSpecification","valueRequired":true,"valueName":"search_term_string"}}],"inLanguage":"en-GB"},{"@type":"Organization","@id":"https:\/\/charavoileduboutdumonde.com\/#organization","name":"Char \u00e0 Voile du Bout du Monde","url":"https:\/\/charavoileduboutdumonde.com\/","logo":{"@type":"ImageObject","inLanguage":"en-GB","@id":"https:\/\/charavoileduboutdumonde.com\/#\/schema\/logo\/image\/","url":"https:\/\/charavoileduboutdumonde.com\/wp-content\/uploads\/2020\/05\/logoheader.png","contentUrl":"https:\/\/charavoileduboutdumonde.com\/wp-content\/uploads\/2020\/05\/logoheader.png","width":249,"height":80,"caption":"Char \u00e0 Voile du Bout du Monde"},"image":{"@id":"https:\/\/charavoileduboutdumonde.com\/#\/schema\/logo\/image\/"},"sameAs":["https:\/\/www.facebook.com\/charavoileduboutdumonde\/","https:\/\/www.instagram.com\/charavoileduboutdumonde\/","https:\/\/www.youtube.com\/channel\/UC6oaDP9kS6oN_ZL61EhoDKw\/"]}]}},"_links":{"self":[{"href":"https:\/\/charavoileduboutdumonde.com\/en\/wp-json\/wp\/v2\/pages\/30","targetHints":{"allow":["GET"]}}],"collection":[{"href":"https:\/\/charavoileduboutdumonde.com\/en\/wp-json\/wp\/v2\/pages"}],"about":[{"href":"https:\/\/charavoileduboutdumonde.com\/en\/wp-json\/wp\/v2\/types\/page"}],"author":[{"embeddable":true,"href":"https:\/\/charavoileduboutdumonde.com\/en\/wp-json\/wp\/v2\/users\/1"}],"replies":[{"embeddable":true,"href":"https:\/\/charavoileduboutdumonde.com\/en\/wp-json\/wp\/v2\/comments?post=30"}],"version-history":[{"count":114,"href":"https:\/\/charavoileduboutdumonde.com\/en\/wp-json\/wp\/v2\/pages\/30\/revisions"}],"predecessor-version":[{"id":2804,"href":"https:\/\/charavoileduboutdumonde.com\/en\/wp-json\/wp\/v2\/pages\/30\/revisions\/2804"}],"wp:attachment":[{"href":"https:\/\/charavoileduboutdumonde.com\/en\/wp-json\/wp\/v2\/media?parent=30"}],"curies":[{"name":"wp","href":"https:\/\/api.w.org\/{rel}","templated":true}]}}